{"id":1229,"date":"2018-08-15T18:34:42","date_gmt":"2018-08-15T16:34:42","guid":{"rendered":"http:\/\/quiggkuechenmaschine-hup.lake-style.de\/impressum"},"modified":"2018-09-13T08:13:59","modified_gmt":"2018-09-13T06:13:59","slug":"ficha-tecnica","status":"publish","type":"page","link":"https:\/\/quigg.kuechenmaschine-hup.de\/pt-pt\/ficha-tecnica","title":{"rendered":"Ficha t\u00e9cnica"},"content":{"rendered":"\n\t\t<section  class=\"content-section    pt-40-xs pb-40-xs pt-50-md pb-50-md pt-70-lg pb-70-lg  no-margin  \" >\n\n\t\t\t<div class=\"row   \">\n\n\t\t\t\t[vc_column][vc_column_text]\n<h2>Ficha t\u00e9cnica<\/h2>\n<p><strong>Respons\u00e1vel pelo conte\u00fado do s\u00edtio Web:<\/strong> Hans-Ulrich Petermann Beratungs- und Vertriebs GmbH &amp; Co. KG<\/p>\n<p><strong>Morada:<\/strong> Schlagenhofener Weg 40, 82229 Seefeld<\/p>\n<p><strong>S\u00f3cio de responsabilidade ilimitada:<\/strong> Petermann Beteiligungs-GmbH, Prof. Dr. Wei\u00dfenbacher<\/p>\n<p><strong>Diretor:\u00a0<\/strong>Phillip Petermann<\/p>\n<p><strong>Informa\u00e7\u00f5es relativas ao registo da Hans-Ulrich Petermann Beratungs- und Vertriebs GmbH &amp; Co. KG:<\/strong> Amtsgericht M\u00fcnchen (Tribunal de Primeira Inst\u00e2ncia de Munique), HRA (registo comercial A) 78943<\/p>\n<p><strong>Informa\u00e7\u00f5es relativas ao registo da Petermann Beteiligungs-GmbH:<\/strong> Amtsgericht M\u00fcnchen (Tribunal de Primeira Inst\u00e2ncia de Munique), HRB (registo comercial B) 138158<\/p>\n<p><strong>Contacto:<\/strong> telefone: +49 8152 9902-0, fax: +49 8152 9902-30, e-mail: &#x69;&#x6e;&#102;&#111;&#64;&#x68;&#x75;&#x70;&#45;pe&#x74;&#x65;&#114;&#109;a&#x6e;&#x6e;&#x2e;&#100;e<\/p>\n<p><strong>Respons\u00e1vel pelo conte\u00fado conforme o art. 55.\u00ba do Rundfunkstaatsvertrag (RStV, tratado interestadual sobre radiofus\u00e3o):<\/strong>\u00a0Phillip Petermann (ver morada e contacto acima)<\/p>\n<p><strong>N\u00famero de identifica\u00e7\u00e3o para efeitos de IVA:<\/strong> DE217796062<\/p>\n<p><strong>Plataforma da Comiss\u00e3o Europeia para resolu\u00e7\u00e3o de lit\u00edgios em linha:<\/strong> a plataforma Web da Comiss\u00e3o Europeia para a resolu\u00e7\u00e3o de lit\u00edgios em linha entre os consumidores e os comerciantes (designada &#8220;plataforma RLL&#8221;) encontra-se dispon\u00edvel atrav\u00e9s da seguinte hiperliga\u00e7\u00e3o: https:\/\/ec.europa.eu\/consumers\/odr\/main\/?event=main.home2.show.Os consumidores t\u00eam a possibilidade de utilizar esta plataforma para a resolu\u00e7\u00e3o de lit\u00edgios em contratos de venda ou de presta\u00e7\u00e3o de servi\u00e7os online. Para al\u00e9m desta plataforma, n\u00e3o participamos em nenhum processo de resolu\u00e7\u00e3o de lit\u00edgios de consumidor e tamb\u00e9m n\u00e3o somos obrigados a tal.[\/vc_column_text][\/vc_column]\n\t\t\t<\/div>\n\n\t\t\t\n\t\t\t\n\t\t\t\n\t\t\t\n\t\t<\/section>\n\n\t\n","protected":false},"excerpt":{"rendered":"[vc_column][vc_column_text] Ficha t\u00e9cnica Respons\u00e1vel pelo conte\u00fado do s\u00edtio Web: Hans-Ulrich Petermann Beratungs- und Vertriebs GmbH &amp; Co. KG Morada: Schlagenhofener Weg 40, 82229 Seefeld S\u00f3cio de responsabilidade ilimitada: Petermann Beteiligungs-GmbH, Prof. Dr. Wei\u00dfenbacher Diretor:\u00a0Phillip Petermann Informa\u00e7\u00f5es relativas ao registo da Hans-Ulrich Petermann Beratungs- und Vertriebs GmbH &amp; Co. KG: Amtsgericht <a class=\"moretag\" href=\"https:\/\/quigg.kuechenmaschine-hup.de\/pt-pt\/ficha-tecnica\">read more...<\/a>","protected":false},"author":1,"featured_media":0,"parent":0,"menu_order":4,"comment_status":"closed","ping_status":"closed","template":"","meta":[],"acf":[],"yoast_head":"<!-- This site is optimized with the Yoast SEO plugin v19.9 - https:\/\/yoast.com\/wordpress\/plugins\/seo\/ -->\n<title>Ficha t\u00e9cnica - Quigg<\/title>\n<meta name=\"robots\" content=\"index, follow, max-snippet:-1, max-image-preview:large, max-video-preview:-1\" \/>\n<link rel=\"canonical\" href=\"https:\/\/quigg.kuechenmaschine-hup.de\/pt-pt\/ficha-tecnica\" \/>\n<meta property=\"og:locale\" content=\"pt_PT\" \/>\n<meta property=\"og:type\" content=\"article\" \/>\n<meta property=\"og:title\" content=\"Ficha t\u00e9cnica - Quigg\" \/>\n<meta property=\"og:url\" content=\"https:\/\/quigg.kuechenmaschine-hup.de\/pt-pt\/ficha-tecnica\" \/>\n<meta property=\"og:site_name\" content=\"Quigg\" \/>\n<meta property=\"article:modified_time\" content=\"2018-09-13T06:13:59+00:00\" \/>\n<meta name=\"twitter:card\" content=\"summary_large_image\" \/>\n<meta name=\"twitter:label1\" content=\"Tempo estimado de leitura\" \/>\n\t<meta name=\"twitter:data1\" content=\"1 minuto\" \/>\n<script type=\"application\/ld+json\" class=\"yoast-schema-graph\">{\"@context\":\"https:\/\/schema.org\",\"@graph\":[{\"@type\":\"WebPage\",\"@id\":\"https:\/\/quigg.kuechenmaschine-hup.de\/pt-pt\/ficha-tecnica\",\"url\":\"https:\/\/quigg.kuechenmaschine-hup.de\/pt-pt\/ficha-tecnica\",\"name\":\"Ficha t\u00e9cnica - Quigg\",\"isPartOf\":{\"@id\":\"https:\/\/quigg.kuechenmaschine-hup.de\/#website\"},\"datePublished\":\"2018-08-15T16:34:42+00:00\",\"dateModified\":\"2018-09-13T06:13:59+00:00\",\"breadcrumb\":{\"@id\":\"https:\/\/quigg.kuechenmaschine-hup.de\/pt-pt\/ficha-tecnica#breadcrumb\"},\"inLanguage\":\"pt-PT\",\"potentialAction\":[{\"@type\":\"ReadAction\",\"target\":[\"https:\/\/quigg.kuechenmaschine-hup.de\/pt-pt\/ficha-tecnica\"]}]},{\"@type\":\"BreadcrumbList\",\"@id\":\"https:\/\/quigg.kuechenmaschine-hup.de\/pt-pt\/ficha-tecnica#breadcrumb\",\"itemListElement\":[{\"@type\":\"ListItem\",\"position\":1,\"name\":\"Startseite\",\"item\":\"https:\/\/quigg.kuechenmaschine-hup.de\/\"},{\"@type\":\"ListItem\",\"position\":2,\"name\":\"Ficha t\u00e9cnica\"}]},{\"@type\":\"WebSite\",\"@id\":\"https:\/\/quigg.kuechenmaschine-hup.de\/#website\",\"url\":\"https:\/\/quigg.kuechenmaschine-hup.de\/\",\"name\":\"Quigg\",\"description\":\"\",\"potentialAction\":[{\"@type\":\"SearchAction\",\"target\":{\"@type\":\"EntryPoint\",\"urlTemplate\":\"https:\/\/quigg.kuechenmaschine-hup.de\/?s={search_term_string}\"},\"query-input\":\"required name=search_term_string\"}],\"inLanguage\":\"pt-PT\"}]}<\/script>\n<!-- \/ Yoast SEO plugin. -->","yoast_head_json":{"title":"Ficha t\u00e9cnica - Quigg","robots":{"index":"index","follow":"follow","max-snippet":"max-snippet:-1","max-image-preview":"max-image-preview:large","max-video-preview":"max-video-preview:-1"},"canonical":"https:\/\/quigg.kuechenmaschine-hup.de\/pt-pt\/ficha-tecnica","og_locale":"pt_PT","og_type":"article","og_title":"Ficha t\u00e9cnica - Quigg","og_url":"https:\/\/quigg.kuechenmaschine-hup.de\/pt-pt\/ficha-tecnica","og_site_name":"Quigg","article_modified_time":"2018-09-13T06:13:59+00:00","twitter_card":"summary_large_image","twitter_misc":{"Tempo estimado de leitura":"1 minuto"},"schema":{"@context":"https:\/\/schema.org","@graph":[{"@type":"WebPage","@id":"https:\/\/quigg.kuechenmaschine-hup.de\/pt-pt\/ficha-tecnica","url":"https:\/\/quigg.kuechenmaschine-hup.de\/pt-pt\/ficha-tecnica","name":"Ficha t\u00e9cnica - Quigg","isPartOf":{"@id":"https:\/\/quigg.kuechenmaschine-hup.de\/#website"},"datePublished":"2018-08-15T16:34:42+00:00","dateModified":"2018-09-13T06:13:59+00:00","breadcrumb":{"@id":"https:\/\/quigg.kuechenmaschine-hup.de\/pt-pt\/ficha-tecnica#breadcrumb"},"inLanguage":"pt-PT","potentialAction":[{"@type":"ReadAction","target":["https:\/\/quigg.kuechenmaschine-hup.de\/pt-pt\/ficha-tecnica"]}]},{"@type":"BreadcrumbList","@id":"https:\/\/quigg.kuechenmaschine-hup.de\/pt-pt\/ficha-tecnica#breadcrumb","itemListElement":[{"@type":"ListItem","position":1,"name":"Startseite","item":"https:\/\/quigg.kuechenmaschine-hup.de\/"},{"@type":"ListItem","position":2,"name":"Ficha t\u00e9cnica"}]},{"@type":"WebSite","@id":"https:\/\/quigg.kuechenmaschine-hup.de\/#website","url":"https:\/\/quigg.kuechenmaschine-hup.de\/","name":"Quigg","description":"","potentialAction":[{"@type":"SearchAction","target":{"@type":"EntryPoint","urlTemplate":"https:\/\/quigg.kuechenmaschine-hup.de\/?s={search_term_string}"},"query-input":"required name=search_term_string"}],"inLanguage":"pt-PT"}]}},"_links":{"self":[{"href":"https:\/\/quigg.kuechenmaschine-hup.de\/pt-pt\/wp-json\/wp\/v2\/pages\/1229"}],"collection":[{"href":"https:\/\/quigg.kuechenmaschine-hup.de\/pt-pt\/wp-json\/wp\/v2\/pages"}],"about":[{"href":"https:\/\/quigg.kuechenmaschine-hup.de\/pt-pt\/wp-json\/wp\/v2\/types\/page"}],"author":[{"embeddable":true,"href":"https:\/\/quigg.kuechenmaschine-hup.de\/pt-pt\/wp-json\/wp\/v2\/users\/1"}],"replies":[{"embeddable":true,"href":"https:\/\/quigg.kuechenmaschine-hup.de\/pt-pt\/wp-json\/wp\/v2\/comments?post=1229"}],"version-history":[{"count":3,"href":"https:\/\/quigg.kuechenmaschine-hup.de\/pt-pt\/wp-json\/wp\/v2\/pages\/1229\/revisions"}],"predecessor-version":[{"id":1339,"href":"https:\/\/quigg.kuechenmaschine-hup.de\/pt-pt\/wp-json\/wp\/v2\/pages\/1229\/revisions\/1339"}],"wp:attachment":[{"href":"https:\/\/quigg.kuechenmaschine-hup.de\/pt-pt\/wp-json\/wp\/v2\/media?parent=1229"}],"curies":[{"name":"wp","href":"https:\/\/api.w.org\/{rel}","templated":true}]}}