{"id":1227,"date":"2018-08-15T18:36:09","date_gmt":"2018-08-15T16:36:09","guid":{"rendered":"http:\/\/quiggkuechenmaschine-hup.lake-style.de\/datenschutzhinweise"},"modified":"2018-09-13T08:17:47","modified_gmt":"2018-09-13T06:17:47","slug":"informacoes-sobre-a-protecao-de-dados","status":"publish","type":"page","link":"https:\/\/quigg.kuechenmaschine-hup.de\/pt-pt\/informacoes-sobre-a-protecao-de-dados","title":{"rendered":"Informa\u00e7\u00f5es sobre a prote\u00e7\u00e3o de dados"},"content":{"rendered":"\n\t\t<section  class=\"content-section    pt-40-xs pb-40-xs pt-50-md pb-50-md pt-70-lg pb-70-lg  no-margin  \" >\n\n\t\t\t<div class=\"row   \">\n\n\t\t\t\t[vc_column][vc_column_text]\n<h2>Informa\u00e7\u00f5es sobre a prote\u00e7\u00e3o de dados<\/h2>\n<p>A respons\u00e1vel pela prote\u00e7\u00e3o de dados neste s\u00edtio Web \u00e9 a Hans-Ulrich Petermann Beratungs- und Vertriebs GmbH &amp; Co. KG, Schlagenhofener Weg 40, 82229 Seefeld, representada\u00a0pelo diretor, Phillip Petermann, telefone: +49 8152 9902-0, fax: +49 8152 9902-30, email: i&#110;&#x66;&#x6f;&#64;&#104;&#x75;&#x70;-&#112;&#x65;&#x74;e&#114;&#x6d;&#x61;n&#110;&#x2e;&#x64;e.<\/p>\n<p>Nesta p\u00e1gina, n\u00e3o s\u00e3o recolhidos ou tratados dados pessoais nem utilizados cookies. Contudo, a cada acesso ao s\u00edtio Web, o nosso servidor Web trata uma s\u00e9rie de dados, que o seu browser transmite automaticamente para o nosso servidor Web (dados de registo do servidor ou ficheiros de registo). Trata-se, entre outros, do endere\u00e7o IP atualmente atribu\u00eddo ao seu dispositivo, da data e hora do acesso, do fuso hor\u00e1rio, da p\u00e1gina ou do ficheiro concretamente acedidos e do volume de dados transmitido. O servidor Web utiliza estes dados para apresentar os conte\u00fados desta p\u00e1gina Web de forma otimizada no seu dispositivo e, para al\u00e9m disso, apenas para fins de seguran\u00e7a do sistema e administrativos (Art. 6, n\u00ba 1, al\u00ednea f) do RGPD). O tratamento n\u00e3o est\u00e1 previsto por lei nem acordado mediante um contrato. Sem a recolha destes dados, o acesso ao nosso s\u00edtio Web n\u00e3o \u00e9 de todo ou apenas parcialmente poss\u00edvel. Os nossos ficheiros de registo (incluindo o seu endere\u00e7o IP) s\u00f3 s\u00e3o tratados de forma anonimizada, sendo eliminados, o mais tardar, ap\u00f3s 30 dias.<\/p>\n<p>Tem o direito de nos exigir a confirma\u00e7\u00e3o de um eventual tratamento dos seus dados pessoais, assim como o direito de solicitar informa\u00e7\u00e3o sobre esses dados pessoais. Para al\u00e9m disso, tem o direito \u00e0 retifica\u00e7\u00e3o, ao apagamento e \u00e0 limita\u00e7\u00e3o do tratamento de dados, assim como o direito de, a qualquer momento, se opor a ou revogar o consentimento dado relativamente ao tratamento dos dados pessoais ou de solicitar a comunica\u00e7\u00e3o dos dados. Envie todos os pedidos de informa\u00e7\u00e3o e acesso, revoga\u00e7\u00f5es ou oposi\u00e7\u00f5es relativamente ao tratamento dos dados por email para os contactos apresentados na ficha t\u00e9cnica. Tem ainda o direito a apresentar uma reclama\u00e7\u00e3o junto de uma entidade reguladora em caso de viola\u00e7\u00f5es da prote\u00e7\u00e3o de dados.[\/vc_column_text][\/vc_column]\n\t\t\t<\/div>\n\n\t\t\t\n\t\t\t\n\t\t\t\n\t\t\t\n\t\t<\/section>\n\n\t\n","protected":false},"excerpt":{"rendered":"[vc_column][vc_column_text] Informa\u00e7\u00f5es sobre a prote\u00e7\u00e3o de dados A respons\u00e1vel pela prote\u00e7\u00e3o de dados neste s\u00edtio Web \u00e9 a Hans-Ulrich Petermann Beratungs- und Vertriebs GmbH &amp; Co. KG, Schlagenhofener Weg 40, 82229 Seefeld, representada\u00a0pelo diretor, Phillip Petermann, telefone: +49 8152 9902-0, fax: +49 8152 9902-30, email: &#x69;n&#x66;&#111;&#x40;&#x68;u&#x70;&#45;&#x70;&#x65;t&#x65;&#114;&#x6d;&#x61;n&#x6e;&#46;&#x64;&#x65;. Nesta p\u00e1gina, n\u00e3o s\u00e3o <a class=\"moretag\" href=\"https:\/\/quigg.kuechenmaschine-hup.de\/pt-pt\/informacoes-sobre-a-protecao-de-dados\">read more...<\/a>","protected":false},"author":1,"featured_media":0,"parent":0,"menu_order":3,"comment_status":"closed","ping_status":"closed","template":"","meta":[],"acf":[],"yoast_head":"<!-- This site is optimized with the Yoast SEO plugin v19.9 - https:\/\/yoast.com\/wordpress\/plugins\/seo\/ -->\n<title>Informa\u00e7\u00f5es sobre a prote\u00e7\u00e3o de dados - Quigg<\/title>\n<meta name=\"robots\" content=\"index, follow, max-snippet:-1, max-image-preview:large, max-video-preview:-1\" \/>\n<link rel=\"canonical\" href=\"http:\/\/quigg.kuechenmaschine-hup.de\/pt-pt\/informacoes-sobre-a-protecao-de-dados\" \/>\n<meta property=\"og:locale\" content=\"pt_PT\" \/>\n<meta property=\"og:type\" content=\"article\" \/>\n<meta property=\"og:title\" content=\"Informa\u00e7\u00f5es sobre a prote\u00e7\u00e3o de dados - Quigg\" \/>\n<meta property=\"og:url\" content=\"http:\/\/quigg.kuechenmaschine-hup.de\/pt-pt\/informacoes-sobre-a-protecao-de-dados\" \/>\n<meta property=\"og:site_name\" content=\"Quigg\" \/>\n<meta property=\"article:modified_time\" content=\"2018-09-13T06:17:47+00:00\" \/>\n<meta name=\"twitter:card\" content=\"summary_large_image\" \/>\n<meta name=\"twitter:label1\" content=\"Tempo estimado de leitura\" \/>\n\t<meta name=\"twitter:data1\" content=\"2 minutos\" \/>\n<script type=\"application\/ld+json\" class=\"yoast-schema-graph\">{\"@context\":\"https:\/\/schema.org\",\"@graph\":[{\"@type\":\"WebPage\",\"@id\":\"http:\/\/quigg.kuechenmaschine-hup.de\/pt-pt\/informacoes-sobre-a-protecao-de-dados\",\"url\":\"http:\/\/quigg.kuechenmaschine-hup.de\/pt-pt\/informacoes-sobre-a-protecao-de-dados\",\"name\":\"Informa\u00e7\u00f5es sobre a prote\u00e7\u00e3o de dados - Quigg\",\"isPartOf\":{\"@id\":\"https:\/\/quigg.kuechenmaschine-hup.de\/#website\"},\"datePublished\":\"2018-08-15T16:36:09+00:00\",\"dateModified\":\"2018-09-13T06:17:47+00:00\",\"breadcrumb\":{\"@id\":\"http:\/\/quigg.kuechenmaschine-hup.de\/pt-pt\/informacoes-sobre-a-protecao-de-dados#breadcrumb\"},\"inLanguage\":\"pt-PT\",\"potentialAction\":[{\"@type\":\"ReadAction\",\"target\":[\"http:\/\/quigg.kuechenmaschine-hup.de\/pt-pt\/informacoes-sobre-a-protecao-de-dados\"]}]},{\"@type\":\"BreadcrumbList\",\"@id\":\"http:\/\/quigg.kuechenmaschine-hup.de\/pt-pt\/informacoes-sobre-a-protecao-de-dados#breadcrumb\",\"itemListElement\":[{\"@type\":\"ListItem\",\"position\":1,\"name\":\"Startseite\",\"item\":\"https:\/\/quigg.kuechenmaschine-hup.de\/\"},{\"@type\":\"ListItem\",\"position\":2,\"name\":\"Informa\u00e7\u00f5es sobre a prote\u00e7\u00e3o de dados\"}]},{\"@type\":\"WebSite\",\"@id\":\"https:\/\/quigg.kuechenmaschine-hup.de\/#website\",\"url\":\"https:\/\/quigg.kuechenmaschine-hup.de\/\",\"name\":\"Quigg\",\"description\":\"\",\"potentialAction\":[{\"@type\":\"SearchAction\",\"target\":{\"@type\":\"EntryPoint\",\"urlTemplate\":\"https:\/\/quigg.kuechenmaschine-hup.de\/?s={search_term_string}\"},\"query-input\":\"required name=search_term_string\"}],\"inLanguage\":\"pt-PT\"}]}<\/script>\n<!-- \/ Yoast SEO plugin. -->","yoast_head_json":{"title":"Informa\u00e7\u00f5es sobre a prote\u00e7\u00e3o de dados - Quigg","robots":{"index":"index","follow":"follow","max-snippet":"max-snippet:-1","max-image-preview":"max-image-preview:large","max-video-preview":"max-video-preview:-1"},"canonical":"http:\/\/quigg.kuechenmaschine-hup.de\/pt-pt\/informacoes-sobre-a-protecao-de-dados","og_locale":"pt_PT","og_type":"article","og_title":"Informa\u00e7\u00f5es sobre a prote\u00e7\u00e3o de dados - Quigg","og_url":"http:\/\/quigg.kuechenmaschine-hup.de\/pt-pt\/informacoes-sobre-a-protecao-de-dados","og_site_name":"Quigg","article_modified_time":"2018-09-13T06:17:47+00:00","twitter_card":"summary_large_image","twitter_misc":{"Tempo estimado de leitura":"2 minutos"},"schema":{"@context":"https:\/\/schema.org","@graph":[{"@type":"WebPage","@id":"http:\/\/quigg.kuechenmaschine-hup.de\/pt-pt\/informacoes-sobre-a-protecao-de-dados","url":"http:\/\/quigg.kuechenmaschine-hup.de\/pt-pt\/informacoes-sobre-a-protecao-de-dados","name":"Informa\u00e7\u00f5es sobre a prote\u00e7\u00e3o de dados - Quigg","isPartOf":{"@id":"https:\/\/quigg.kuechenmaschine-hup.de\/#website"},"datePublished":"2018-08-15T16:36:09+00:00","dateModified":"2018-09-13T06:17:47+00:00","breadcrumb":{"@id":"http:\/\/quigg.kuechenmaschine-hup.de\/pt-pt\/informacoes-sobre-a-protecao-de-dados#breadcrumb"},"inLanguage":"pt-PT","potentialAction":[{"@type":"ReadAction","target":["http:\/\/quigg.kuechenmaschine-hup.de\/pt-pt\/informacoes-sobre-a-protecao-de-dados"]}]},{"@type":"BreadcrumbList","@id":"http:\/\/quigg.kuechenmaschine-hup.de\/pt-pt\/informacoes-sobre-a-protecao-de-dados#breadcrumb","itemListElement":[{"@type":"ListItem","position":1,"name":"Startseite","item":"https:\/\/quigg.kuechenmaschine-hup.de\/"},{"@type":"ListItem","position":2,"name":"Informa\u00e7\u00f5es sobre a prote\u00e7\u00e3o de dados"}]},{"@type":"WebSite","@id":"https:\/\/quigg.kuechenmaschine-hup.de\/#website","url":"https:\/\/quigg.kuechenmaschine-hup.de\/","name":"Quigg","description":"","potentialAction":[{"@type":"SearchAction","target":{"@type":"EntryPoint","urlTemplate":"https:\/\/quigg.kuechenmaschine-hup.de\/?s={search_term_string}"},"query-input":"required name=search_term_string"}],"inLanguage":"pt-PT"}]}},"_links":{"self":[{"href":"https:\/\/quigg.kuechenmaschine-hup.de\/pt-pt\/wp-json\/wp\/v2\/pages\/1227"}],"collection":[{"href":"https:\/\/quigg.kuechenmaschine-hup.de\/pt-pt\/wp-json\/wp\/v2\/pages"}],"about":[{"href":"https:\/\/quigg.kuechenmaschine-hup.de\/pt-pt\/wp-json\/wp\/v2\/types\/page"}],"author":[{"embeddable":true,"href":"https:\/\/quigg.kuechenmaschine-hup.de\/pt-pt\/wp-json\/wp\/v2\/users\/1"}],"replies":[{"embeddable":true,"href":"https:\/\/quigg.kuechenmaschine-hup.de\/pt-pt\/wp-json\/wp\/v2\/comments?post=1227"}],"version-history":[{"count":3,"href":"https:\/\/quigg.kuechenmaschine-hup.de\/pt-pt\/wp-json\/wp\/v2\/pages\/1227\/revisions"}],"predecessor-version":[{"id":1340,"href":"https:\/\/quigg.kuechenmaschine-hup.de\/pt-pt\/wp-json\/wp\/v2\/pages\/1227\/revisions\/1340"}],"wp:attachment":[{"href":"https:\/\/quigg.kuechenmaschine-hup.de\/pt-pt\/wp-json\/wp\/v2\/media?parent=1227"}],"curies":[{"name":"wp","href":"https:\/\/api.w.org\/{rel}","templated":true}]}}