{"id":1179,"date":"2017-07-19T08:43:37","date_gmt":"2017-07-19T06:43:37","guid":{"rendered":"http:\/\/quiggkuechenmaschine-hup.lake-style.de\/km2017wiwi-17"},"modified":"2018-09-27T13:31:08","modified_gmt":"2018-09-27T11:31:08","slug":"km2017wiwi-17","status":"publish","type":"page","link":"https:\/\/quigg.kuechenmaschine-hup.de\/pt-pt\/km2017wiwi-17","title":{"rendered":"Home"},"content":{"rendered":"<section class=\"wpb-content-wrapper\">\n\t\t<section  class=\"content-section    pt-30-xs pb-30-xs pt-40-md pb-40-md  no-margin  \" >\n\n\t\t\t<div class=\"row   \">\n\n\t\t\t\t[vc_column][vc_column_text]\n<h2 class=\"ls-no-margin-bottom fw-semibold\">Robot de cozinha com controlo wireless<\/h2>\n<h3>Aparelho control\u00e1vel via App atrav\u00e9s de Smartphone\/Tablet \u2013 App com 200 receitas<\/h3>\n[\/vc_column_text][\/vc_column]\n\t\t\t<\/div>\n\n\t\t\t\n\t\t\t\n\t\t\t\n\t\t\t\n\t\t<\/section>\n\n\t\n\t\t<section  class=\"content-section      no-margin  \" >\n\n\t\t\t<div class=\"row   \">\n\n\t\t\t\t[vc_column][ls_vc_slider_image vc_images=&#8221;1108,1109,1137,1136,1135&#8243;][\/vc_column]\n\t\t\t<\/div>\n\n\t\t\t\n\t\t\t\n\t\t\t\n\t\t\t\n\t\t<\/section>\n\n\t\n\t\t<section  class=\"content-section    pt-40-xs pt-50-md pt-70-lg  no-margin  \" >\n\n\t\t\t<div class=\"row   \">\n\n\t\t\t\t[vc_column vc_align_elements=&#8221;ls-text-center-xs&#8221; offset=&#8221;vc_col-md-offset-2 vc_col-md-8&#8243;][vc_column_text]<strong>Transferir aqui App para dispositivos iOS ou Android:<\/strong>[\/vc_column_text][vc_row_inner][vc_column_inner width=&#8221;1\/2&#8243; vc_align_elements=&#8221;ls-text-center-xs&#8221;][vc_column_text]<a href=\"https:\/\/play.google.com\/store\/apps\/details?id=com.hup.km2017wi\" rel=\"external\"><img loading=\"lazy\" width=\"300\" height=\"89\" class=\"alignnone size-medium wp-image-1345\" src=\"http:\/\/quigg.kuechenmaschine-hup.de\/wp-content\/uploads\/2018\/09\/google-play-badge_pt-300x89.png\" alt=\"\" \/><\/a>[\/vc_column_text][\/vc_column_inner][vc_column_inner width=&#8221;1\/2&#8243; vc_align_elements=&#8221;ls-text-center-xs&#8221;][vc_column_text]<a href=\"https:\/\/itunes.apple.com\/de\/app\/k\u00fcchenmaschine-mit-kochfunktion-km2017wi\/id1240268395?mt=8\" rel=\"external\"><img loading=\"lazy\" width=\"300\" height=\"89\" class=\"alignnone size-medium wp-image-1355\" src=\"http:\/\/quigg.kuechenmaschine-hup.de\/wp-content\/uploads\/2018\/09\/download-on-the-app-store_en-300x89.png\" alt=\"\" \/><\/a>[\/vc_column_text][\/vc_column_inner][\/vc_row_inner][vc_column_text]<a href=\"https:\/\/www.kuechenmaschine-hup.de\/app-informationen.html\" target=\"_blank\" rel=\"noopener\">Informa\u00e7\u00f5es sobre a App<\/a><\/p>\n<p><a href=\"https:\/\/www.kuechenmaschine-hup.de\/datenschutzerklaerungen-app.html\" target=\"_blank\" rel=\"noopener\">Declara\u00e7\u00e3o de prote\u00e7\u00e3o de dados da App<\/a>[\/vc_column_text][\/vc_column]\n\t\t\t<\/div>\n\n\t\t\t\n\t\t\t\n\t\t\t\n\t\t\t\n\t\t<\/section>\n\n\t\n\t\t<section  id=\"video\" class=\"content-section    pt-40-xs pb-40-xs pt-50-md pb-50-md pt-70-lg pb-70-lg  no-margin  \" >\n\n\t\t\t<div class=\"row   \">\n\n\t\t\t\t[vc_column][ls_vc_seperator_anchor vc_title=&#8221;Ver agora v\u00eddeo do produto&#8221;][ls_vc_spacer vc_height=&#8221;0&#8243;][ls_vc_html5video vc_file_videoposter=&#8221;1267&#8243; vc_file_mp4=&#8221;1270&#8243; vc_html5video_controls=&#8221;yes&#8221;][\/vc_column]\n\t\t\t<\/div>\n\n\t\t\t\n\t\t\t\n\t\t\t\n\t\t\t\n\t\t<\/section>\n\n\t\n\t\t<section  id=\"infos\" class=\"content-section    pb-40-xs pb-50-md pb-70-lg  no-margin  \" >\n\n\t\t\t<div class=\"row   \">\n\n\t\t\t\t[vc_column][ls_vc_seperator_anchor vc_title=&#8221;Mais informa\u00e7\u00f5es&#8221;][ls_vc_spacer vc_height=&#8221;0&#8243;]\n\t\t<div class=\"ls-vc-accordion wpb_content_element\">\n\n\t       \t<div class=\"accordion-container js-accordion-container\" id=\"mehrinfos\">\n\n\t       \t\t<h4>Carater\u00edsticas operacionais<\/h4><div class=\"entry-content\">\n<ul>\n<li>Fun\u00e7\u00e3o de cozedura<\/li>\n<li>Recipiente de mistura em a\u00e7o inoxid\u00e1vel<\/li>\n<li>Acess\u00f3rio da panela a vapor<\/li>\n<li>Balan\u00e7a de cozinha integrada<\/li>\n<li>Programas pr\u00e9-instalados<\/li>\n<li>Livro de receitas<\/li>\n<li>DVD<\/li>\n<li>App com 200 receitas \u2013 Aparelho control\u00e1vel tamb\u00e9m via Smartphone\/Tablet<\/li>\n<\/ul>\n<\/div><h4>Propriedades t\u00e9cnicas<\/h4><div class=\"entry-content\">\n<ul>\n<li>Pot\u00eancia: 1200 W<\/li>\n<li>Motor: aprox. 800 W<\/li>\n<li>Bloqueio de seguran\u00e7a duplo, o que faz com que o aparelho s\u00f3 possa ser colocado em funcionamento com o recipiente e a tampa na posi\u00e7\u00e3o correta<\/li>\n<li>Recipiente de mistura com uma capacidade de aprox. 2,2 litros e conjunto de l\u00e2minas f\u00e1cil de retirar (para permitir uma limpeza f\u00e1cil)<\/li>\n<li>Fun\u00e7\u00f5es:\n<ul>\n<li>Fun\u00e7\u00e3o WLAN &gt; Aparelho control\u00e1vel via App atrav\u00e9s de Smartphone\/Tablet\n<ul>\n<li>App com 200 receitas<\/li>\n<li>Para as receitas registadas, est\u00e3o pr\u00e9-programados todos os ajustes necess\u00e1rios.<\/li>\n<li>A sequ\u00eancia de prepara\u00e7\u00e3o pode ser processada passo a passo atrav\u00e9s do dispositivo m\u00f3vel.<\/li>\n<li>A introdu\u00e7\u00e3o de ajustes individuais, assim como a cria\u00e7\u00e3o de receitas pr\u00f3prias, tamb\u00e9m \u00e9 poss\u00edvel atrav\u00e9s da App.<\/li>\n<\/ul>\n<\/li>\n<li>11 n\u00edveis de velocidade na rota\u00e7\u00e3o para a direita, incluindo n\u00edvel de mexer, para uma confe\u00e7\u00e3o cuidadosa<\/li>\n<li>Rota\u00e7\u00e3o para a esquerda: 3 n\u00edveis de velocidade para possibilidades de confe\u00e7\u00e3o ainda mais individualizadas (ex.\u00ba: mexer, amassar, etc.)<\/li>\n<li>Fun\u00e7\u00e3o turbo<\/li>\n<li>Fun\u00e7\u00e3o de aquecimento acion\u00e1vel (aprox. 30 \u00b0C at\u00e9 aprox. 120 \u00b0C)<\/li>\n<li>Inclu\u00eddos programas pr\u00e9-instalados para cozinhar a vapor, compota, amassar e sopa<\/li>\n<\/ul>\n<\/li>\n<li>Temporizador (desde 1 segundo at\u00e9 99 minutos)<\/li>\n<li>Balan\u00e7a de cozinha integrada com uma \u00e1rea de pesagem de 1 a 5000 gramas<\/li>\n<li>Visor iluminado com indica\u00e7\u00e3o de temperatura, velocidade, tempo, peso e muito mais<\/li>\n<\/ul>\n<\/div><h4>Possibilidades de utiliza\u00e7\u00e3o<\/h4><div class=\"entry-content\">\n<ul>\n<li>Mexer\/amassar \u2013 diferentes massas<\/li>\n<li>Misturar \u2013 batidos de leite, molhos para saladas, cocktails<\/li>\n<li>Cozinhar \u2013 sopas, molhos, guisados, compota<\/li>\n<li>Cozinhar a vapor \u2013 legumes, peixe<\/li>\n<li>Emulsionar \u2013 maionese, cremes, molho holand\u00eas<\/li>\n<li>Picar \u2013 ervas, nozes, pesto<\/li>\n<li>Fazer pur\u00e9 \u2013 legumes, carne, comida para beb\u00e9<\/li>\n<li>Bater \u2013 natas, claras em castelo<\/li>\n<li>Pesar \u2013 diretamente no aparelho<\/li>\n<\/ul>\n<p>e muito mais!<\/div>\n\t       \t<\/div><!-- end \/.accordion-container -->\n\n\t\t<\/div><!-- end \/.ls-vc-accordion -->\n\n\t   \t[\/vc_column]\n\t\t\t<\/div>\n\n\t\t\t\n\t\t\t\n\t\t\t\n\t\t\t\n\t\t<\/section>\n\n\t\n\t\t<section  id=\"downloads\" class=\"content-section      no-margin  \" >\n\n\t\t\t<div class=\"row   \">\n\n\t\t\t\t[vc_column][ls_vc_seperator_anchor vc_title=&#8221;Downloads &amp; eBooks&#8221;][ls_vc_spacer vc_height=&#8221;0&#8243;]\n\t\t<div class=\"ls-vc-accordion wpb_content_element\">\n\n\t       \t<div class=\"accordion-container js-accordion-container\" >\n\n\t       \t\t<h4>Manual de instru\u00e7\u00f5es \u2013 robot de cozinha<\/h4><div class=\"entry-content\">\n<ul>\n<li><a class=\"popup-iframe\" href=\"http:\/\/quigg.kuechenmaschine-hup.de\/2018\/pt\/epaper-2018-05-28_065955_pt_robot\">Ver ePaper<\/a><\/li>\n<li><a href=\"http:\/\/quigg.kuechenmaschine-hup.de\/wp-content\/uploads\/2018\/09\/KM2017Wi_18__PT__BA__ePaper.pdf\" target=\"_blank\" rel=\"noopener\">Ver PDF<\/a><\/li>\n<\/ul>\n<\/div><h4>Livro de receitas<\/h4><div class=\"entry-content\">\n<ul>\n<li><a class=\"popup-iframe\" href=\"http:\/\/quigg.kuechenmaschine-hup.de\/2018\/pt\/epaper-2018-05-28_070127_pt_receitas\">Ver ePaper<\/a><\/li>\n<li><a href=\"\/\/quigg.kuechenmaschine-hup.de\/wp-content\/uploads\/2018\/09\/KM-2017Wi_18_Quigg-Rezeptbuch_Aldi-PT_ePaper.pdf\" target=\"_blank\" rel=\"noopener\">Ver PDF<\/a><\/li>\n<\/ul>\n<\/div><h4>Manual de instru\u00e7\u00f5es \u2013 App<\/h4><div class=\"entry-content\">\n<ul>\n<li><a class=\"popup-iframe\" title=\"Bedienungsanleitung App\" href=\"http:\/\/quigg.kuechenmaschine-hup.de\/2018\/pt\/epaper-2018-05-28_070041_pt_app\">Ver ePaper<\/a><\/li>\n<li><a href=\"http:\/\/quigg.kuechenmaschine-hup.de\/wp-content\/uploads\/2018\/09\/KM2017Wi_18__PT__appBA__ePaper.pdf\" target=\"_blank\" rel=\"noopener\">Ver PDF<\/a><\/li>\n<\/ul>\n<\/div><h4>Declara\u00e7\u00e3o de conformidade CE<\/h4><div class=\"entry-content\">A declara\u00e7\u00e3o de conformidade UE pode ser solicitada junto do distribuidor.<\/div>\n\t       \t<\/div><!-- end \/.accordion-container -->\n\n\t\t<\/div><!-- end \/.ls-vc-accordion -->\n\n\t   \t[\/vc_column]\n\t\t\t<\/div>\n\n\t\t\t\n\t\t\t\n\t\t\t\n\t\t\t\n\t\t<\/section>\n\n\t\n\t\t<section  class=\"content-section    pt-30-xs pb-30-xs pt-40-md pb-40-md  no-margin  \" >\n\n\t\t\t<div class=\"row   \">\n\n\t\t\t\t[vc_column][vc_column_text]&#8221;Google, Google Play, Android<sup>TM<\/sup> e outras marcas s\u00e3o marcas da Google Inc.&#8221;[\/vc_column_text][\/vc_column]\n\t\t\t<\/div>\n\n\t\t\t\n\t\t\t\n\t\t\t\n\t\t\t\n\t\t<\/section>\n\n\t\n<\/section>","protected":false},"excerpt":{"rendered":"[vc_column][vc_column_text] Robot de cozinha com controlo wireless Aparelho control\u00e1vel via App atrav\u00e9s de Smartphone\/Tablet \u2013 App com 200 receitas [\/vc_column_text][\/vc_column] [vc_column][ls_vc_slider_image vc_images=\"1108,1109,1137,1136,1135\"][\/vc_column] [vc_column vc_align_elements=\"ls-text-center-xs\" offset=\"vc_col-md-offset-2 vc_col-md-8\"][vc_column_text]Transferir aqui App para dispositivos iOS ou Android:[\/vc_column_text][vc_row_inner][vc_column_inner width=\"1\/2\" vc_align_elements=\"ls-text-center-xs\"][vc_column_text][\/vc_column_text][\/vc_column_inner][vc_column_inner width=\"1\/2\" vc_align_elements=\"ls-text-center-xs\"][vc_column_text][\/vc_column_text][\/vc_column_inner][\/vc_row_inner][vc_column_text]Informa\u00e7\u00f5es sobre a App Declara\u00e7\u00e3o de prote\u00e7\u00e3o de dados da App[\/vc_column_text][\/vc_column] [vc_column][ls_vc_seperator_anchor vc_title=\"Ver agora <a class=\"moretag\" href=\"https:\/\/quigg.kuechenmaschine-hup.de\/pt-pt\/km2017wiwi-17\">read more...<\/a>","protected":false},"author":1,"featured_media":0,"parent":0,"menu_order":0,"comment_status":"closed","ping_status":"closed","template":"","meta":[],"acf":[],"yoast_head":"<!-- This site is optimized with the Yoast SEO plugin v19.9 - https:\/\/yoast.com\/wordpress\/plugins\/seo\/ -->\n<title>Home - Quigg<\/title>\n<meta name=\"robots\" content=\"index, follow, max-snippet:-1, max-image-preview:large, max-video-preview:-1\" \/>\n<link rel=\"canonical\" href=\"https:\/\/quigg.kuechenmaschine-hup.de\/pt-pt\/km2017wiwi-17\" \/>\n<meta property=\"og:locale\" content=\"pt_PT\" \/>\n<meta property=\"og:type\" content=\"article\" \/>\n<meta property=\"og:title\" content=\"Home - Quigg\" \/>\n<meta property=\"og:url\" content=\"https:\/\/quigg.kuechenmaschine-hup.de\/pt-pt\/km2017wiwi-17\" \/>\n<meta property=\"og:site_name\" content=\"Quigg\" \/>\n<meta property=\"article:modified_time\" content=\"2018-09-27T11:31:08+00:00\" \/>\n<meta property=\"og:image\" content=\"http:\/\/quigg.kuechenmaschine-hup.de\/wp-content\/uploads\/2018\/09\/google-play-badge_pt-300x89.png\" \/>\n<meta name=\"twitter:card\" content=\"summary_large_image\" \/>\n<meta name=\"twitter:label1\" content=\"Tempo estimado de leitura\" \/>\n\t<meta name=\"twitter:data1\" content=\"4 minutos\" \/>\n<script type=\"application\/ld+json\" class=\"yoast-schema-graph\">{\"@context\":\"https:\/\/schema.org\",\"@graph\":[{\"@type\":\"WebPage\",\"@id\":\"https:\/\/quigg.kuechenmaschine-hup.de\/pt-pt\/km2017wiwi-17\",\"url\":\"https:\/\/quigg.kuechenmaschine-hup.de\/pt-pt\/km2017wiwi-17\",\"name\":\"Home - Quigg\",\"isPartOf\":{\"@id\":\"https:\/\/quigg.kuechenmaschine-hup.de\/#website\"},\"datePublished\":\"2017-07-19T06:43:37+00:00\",\"dateModified\":\"2018-09-27T11:31:08+00:00\",\"breadcrumb\":{\"@id\":\"https:\/\/quigg.kuechenmaschine-hup.de\/pt-pt\/km2017wiwi-17#breadcrumb\"},\"inLanguage\":\"pt-PT\",\"potentialAction\":[{\"@type\":\"ReadAction\",\"target\":[\"https:\/\/quigg.kuechenmaschine-hup.de\/pt-pt\/km2017wiwi-17\"]}]},{\"@type\":\"BreadcrumbList\",\"@id\":\"https:\/\/quigg.kuechenmaschine-hup.de\/pt-pt\/km2017wiwi-17#breadcrumb\",\"itemListElement\":[{\"@type\":\"ListItem\",\"position\":1,\"name\":\"Startseite\",\"item\":\"https:\/\/quigg.kuechenmaschine-hup.de\/\"},{\"@type\":\"ListItem\",\"position\":2,\"name\":\"Home\"}]},{\"@type\":\"WebSite\",\"@id\":\"https:\/\/quigg.kuechenmaschine-hup.de\/#website\",\"url\":\"https:\/\/quigg.kuechenmaschine-hup.de\/\",\"name\":\"Quigg\",\"description\":\"\",\"potentialAction\":[{\"@type\":\"SearchAction\",\"target\":{\"@type\":\"EntryPoint\",\"urlTemplate\":\"https:\/\/quigg.kuechenmaschine-hup.de\/?s={search_term_string}\"},\"query-input\":\"required name=search_term_string\"}],\"inLanguage\":\"pt-PT\"}]}<\/script>\n<!-- \/ Yoast SEO plugin. -->","yoast_head_json":{"title":"Home - Quigg","robots":{"index":"index","follow":"follow","max-snippet":"max-snippet:-1","max-image-preview":"max-image-preview:large","max-video-preview":"max-video-preview:-1"},"canonical":"https:\/\/quigg.kuechenmaschine-hup.de\/pt-pt\/km2017wiwi-17","og_locale":"pt_PT","og_type":"article","og_title":"Home - Quigg","og_url":"https:\/\/quigg.kuechenmaschine-hup.de\/pt-pt\/km2017wiwi-17","og_site_name":"Quigg","article_modified_time":"2018-09-27T11:31:08+00:00","og_image":[{"url":"http:\/\/quigg.kuechenmaschine-hup.de\/wp-content\/uploads\/2018\/09\/google-play-badge_pt-300x89.png"}],"twitter_card":"summary_large_image","twitter_misc":{"Tempo estimado de leitura":"4 minutos"},"schema":{"@context":"https:\/\/schema.org","@graph":[{"@type":"WebPage","@id":"https:\/\/quigg.kuechenmaschine-hup.de\/pt-pt\/km2017wiwi-17","url":"https:\/\/quigg.kuechenmaschine-hup.de\/pt-pt\/km2017wiwi-17","name":"Home - Quigg","isPartOf":{"@id":"https:\/\/quigg.kuechenmaschine-hup.de\/#website"},"datePublished":"2017-07-19T06:43:37+00:00","dateModified":"2018-09-27T11:31:08+00:00","breadcrumb":{"@id":"https:\/\/quigg.kuechenmaschine-hup.de\/pt-pt\/km2017wiwi-17#breadcrumb"},"inLanguage":"pt-PT","potentialAction":[{"@type":"ReadAction","target":["https:\/\/quigg.kuechenmaschine-hup.de\/pt-pt\/km2017wiwi-17"]}]},{"@type":"BreadcrumbList","@id":"https:\/\/quigg.kuechenmaschine-hup.de\/pt-pt\/km2017wiwi-17#breadcrumb","itemListElement":[{"@type":"ListItem","position":1,"name":"Startseite","item":"https:\/\/quigg.kuechenmaschine-hup.de\/"},{"@type":"ListItem","position":2,"name":"Home"}]},{"@type":"WebSite","@id":"https:\/\/quigg.kuechenmaschine-hup.de\/#website","url":"https:\/\/quigg.kuechenmaschine-hup.de\/","name":"Quigg","description":"","potentialAction":[{"@type":"SearchAction","target":{"@type":"EntryPoint","urlTemplate":"https:\/\/quigg.kuechenmaschine-hup.de\/?s={search_term_string}"},"query-input":"required name=search_term_string"}],"inLanguage":"pt-PT"}]}},"_links":{"self":[{"href":"https:\/\/quigg.kuechenmaschine-hup.de\/pt-pt\/wp-json\/wp\/v2\/pages\/1179"}],"collection":[{"href":"https:\/\/quigg.kuechenmaschine-hup.de\/pt-pt\/wp-json\/wp\/v2\/pages"}],"about":[{"href":"https:\/\/quigg.kuechenmaschine-hup.de\/pt-pt\/wp-json\/wp\/v2\/types\/page"}],"author":[{"embeddable":true,"href":"https:\/\/quigg.kuechenmaschine-hup.de\/pt-pt\/wp-json\/wp\/v2\/users\/1"}],"replies":[{"embeddable":true,"href":"https:\/\/quigg.kuechenmaschine-hup.de\/pt-pt\/wp-json\/wp\/v2\/comments?post=1179"}],"version-history":[{"count":27,"href":"https:\/\/quigg.kuechenmaschine-hup.de\/pt-pt\/wp-json\/wp\/v2\/pages\/1179\/revisions"}],"predecessor-version":[{"id":1370,"href":"https:\/\/quigg.kuechenmaschine-hup.de\/pt-pt\/wp-json\/wp\/v2\/pages\/1179\/revisions\/1370"}],"wp:attachment":[{"href":"https:\/\/quigg.kuechenmaschine-hup.de\/pt-pt\/wp-json\/wp\/v2\/media?parent=1179"}],"curies":[{"name":"wp","href":"https:\/\/api.w.org\/{rel}","templated":true}]}}