{"id":1228,"date":"2018-08-15T18:34:42","date_gmt":"2018-08-15T16:34:42","guid":{"rendered":"http:\/\/quiggkuechenmaschine-hup.lake-style.de\/impressum"},"modified":"2018-08-15T18:34:42","modified_gmt":"2018-08-15T16:34:42","slug":"impressum","status":"publish","type":"page","link":"https:\/\/quigg.kuechenmaschine-hup.de\/pl\/impressum","title":{"rendered":"Impressum"},"content":{"rendered":"\n\t\t<section  class=\"content-section    pt-40-xs pb-40-xs pt-50-md pb-50-md pt-70-lg pb-70-lg  no-margin  \" >\n\n\t\t\t<div class=\"row   \">\n\n\t\t\t\t[vc_column][vc_column_text]\n<h2>Impressum<\/h2>\n<p><strong>Verantwortlich f\u00fcr den Inhalt der Website:<\/strong> Hans-Ulrich Petermann Beratungs- und Vertriebs GmbH &amp; Co. KG<\/p>\n<p><strong>Anschrift:<\/strong> Schlagenhofener Weg 40, 82229 Seefeld<\/p>\n<p><strong>Pers\u00f6nlich haftende Gesellschafter:<\/strong> Petermann Beteiligungs-GmbH, Prof. Dr. Wei\u00dfenbacher<\/p>\n<p><strong>Gesch\u00e4ftsf\u00fchrer:<\/strong> Herr Phillip Petermann<\/p>\n<p><strong>Registerangaben der Hans-Ulrich Petermann Beratungs- und Vertriebs GmbH &amp; Co. KG:<\/strong> Amtsgericht M\u00fcnchen, HRA 78943<\/p>\n<p><strong>Registerangaben der Petermann Beteiligungs-GmbH:<\/strong> Amtsgericht M\u00fcnchen, HRB 138158<\/p>\n<p><strong>Kontakt:<\/strong> Telefon: +49 8152 9902-0, Telefax: +49 8152 9902-30, E-Mail: i&#110;&#x66;&#x6f;&#64;&#104;&#x75;&#x70;-&#112;&#101;&#x74;&#x65;r&#109;&#x61;&#x6e;n&#46;&#x64;&#x65;<\/p>\n<p><strong>Inhaltlich verantwortlich gem\u00e4\u00df \u00a7 55 Rundfunkstaatsvertrag (RStV):<\/strong> Herr Phillip Petermann (Anschrift und Kontakt siehe oben)<\/p>\n<p><strong>USt.-ID:<\/strong> DE217796062<\/p>\n<p><strong>Plattform der Europ\u00e4ischen Kommission zur Online-Streitbeilegung:<\/strong> Die Internetplattform der Europ\u00e4ischen Kommission zur Online-Beilegung von Streitigkeiten zwischen Verbrauchern und Unternehmern (so genannte \u201eOS-Plattform\u201c) ist unter folgendem Link erreichbar: https:\/\/ec.europa.eu\/consumers\/odr.Verbraucher haben die M\u00f6glichkeit, diese Plattform f\u00fcr die Beilegung ihrer Streitigkeiten aus Online-Kaufvertr\u00e4gen oder Online-Dienstleistungsvertr\u00e4gen zu nutzen. Wir nehmen dar\u00fcber hinaus an keinen Verbraucherstreitbeilegungsverfahren teil und sind hierzu auch nicht verpflichtet.[\/vc_column_text][\/vc_column]\n\t\t\t<\/div>\n\n\t\t\t\n\t\t\t\n\t\t\t\n\t\t\t\n\t\t<\/section>\n\n\t\n","protected":false},"excerpt":{"rendered":"[vc_column][vc_column_text] Impressum Verantwortlich f\u00fcr den Inhalt der Website: Hans-Ulrich Petermann Beratungs- und Vertriebs GmbH &amp; Co. KG Anschrift: Schlagenhofener Weg 40, 82229 Seefeld Pers\u00f6nlich haftende Gesellschafter: Petermann Beteiligungs-GmbH, Prof. Dr. Wei\u00dfenbacher Gesch\u00e4ftsf\u00fchrer: Herr Phillip Petermann Registerangaben der Hans-Ulrich Petermann Beratungs- und Vertriebs GmbH &amp; Co. KG: Amtsgericht M\u00fcnchen, HRA 78943 <a class=\"moretag\" href=\"https:\/\/quigg.kuechenmaschine-hup.de\/pl\/impressum\">read more...<\/a>","protected":false},"author":1,"featured_media":0,"parent":0,"menu_order":4,"comment_status":"closed","ping_status":"closed","template":"","meta":[],"acf":[],"yoast_head":"<!-- This site is optimized with the Yoast SEO plugin v19.9 - https:\/\/yoast.com\/wordpress\/plugins\/seo\/ -->\n<title>Impressum - Quigg<\/title>\n<meta name=\"robots\" content=\"index, follow, max-snippet:-1, max-image-preview:large, max-video-preview:-1\" \/>\n<link rel=\"canonical\" href=\"https:\/\/quigg.kuechenmaschine-hup.de\/pl\/impressum\" \/>\n<meta property=\"og:locale\" content=\"pl_PL\" \/>\n<meta property=\"og:type\" content=\"article\" \/>\n<meta property=\"og:title\" content=\"Impressum - Quigg\" \/>\n<meta property=\"og:url\" content=\"https:\/\/quigg.kuechenmaschine-hup.de\/pl\/impressum\" \/>\n<meta property=\"og:site_name\" content=\"Quigg\" \/>\n<meta name=\"twitter:card\" content=\"summary_large_image\" \/>\n<meta name=\"twitter:label1\" content=\"Szacowany czas czytania\" \/>\n\t<meta name=\"twitter:data1\" content=\"1 minuta\" \/>\n<script type=\"application\/ld+json\" class=\"yoast-schema-graph\">{\"@context\":\"https:\/\/schema.org\",\"@graph\":[{\"@type\":\"WebPage\",\"@id\":\"https:\/\/quigg.kuechenmaschine-hup.de\/pl\/impressum\",\"url\":\"https:\/\/quigg.kuechenmaschine-hup.de\/pl\/impressum\",\"name\":\"Impressum - Quigg\",\"isPartOf\":{\"@id\":\"https:\/\/quigg.kuechenmaschine-hup.de\/#website\"},\"datePublished\":\"2018-08-15T16:34:42+00:00\",\"dateModified\":\"2018-08-15T16:34:42+00:00\",\"breadcrumb\":{\"@id\":\"https:\/\/quigg.kuechenmaschine-hup.de\/pl\/impressum#breadcrumb\"},\"inLanguage\":\"pl-PL\",\"potentialAction\":[{\"@type\":\"ReadAction\",\"target\":[\"https:\/\/quigg.kuechenmaschine-hup.de\/pl\/impressum\"]}]},{\"@type\":\"BreadcrumbList\",\"@id\":\"https:\/\/quigg.kuechenmaschine-hup.de\/pl\/impressum#breadcrumb\",\"itemListElement\":[{\"@type\":\"ListItem\",\"position\":1,\"name\":\"Startseite\",\"item\":\"https:\/\/quigg.kuechenmaschine-hup.de\/\"},{\"@type\":\"ListItem\",\"position\":2,\"name\":\"Impressum\"}]},{\"@type\":\"WebSite\",\"@id\":\"https:\/\/quigg.kuechenmaschine-hup.de\/#website\",\"url\":\"https:\/\/quigg.kuechenmaschine-hup.de\/\",\"name\":\"Quigg\",\"description\":\"\",\"potentialAction\":[{\"@type\":\"SearchAction\",\"target\":{\"@type\":\"EntryPoint\",\"urlTemplate\":\"https:\/\/quigg.kuechenmaschine-hup.de\/?s={search_term_string}\"},\"query-input\":\"required name=search_term_string\"}],\"inLanguage\":\"pl-PL\"}]}<\/script>\n<!-- \/ Yoast SEO plugin. -->","yoast_head_json":{"title":"Impressum - Quigg","robots":{"index":"index","follow":"follow","max-snippet":"max-snippet:-1","max-image-preview":"max-image-preview:large","max-video-preview":"max-video-preview:-1"},"canonical":"https:\/\/quigg.kuechenmaschine-hup.de\/pl\/impressum","og_locale":"pl_PL","og_type":"article","og_title":"Impressum - Quigg","og_url":"https:\/\/quigg.kuechenmaschine-hup.de\/pl\/impressum","og_site_name":"Quigg","twitter_card":"summary_large_image","twitter_misc":{"Szacowany czas czytania":"1 minuta"},"schema":{"@context":"https:\/\/schema.org","@graph":[{"@type":"WebPage","@id":"https:\/\/quigg.kuechenmaschine-hup.de\/pl\/impressum","url":"https:\/\/quigg.kuechenmaschine-hup.de\/pl\/impressum","name":"Impressum - Quigg","isPartOf":{"@id":"https:\/\/quigg.kuechenmaschine-hup.de\/#website"},"datePublished":"2018-08-15T16:34:42+00:00","dateModified":"2018-08-15T16:34:42+00:00","breadcrumb":{"@id":"https:\/\/quigg.kuechenmaschine-hup.de\/pl\/impressum#breadcrumb"},"inLanguage":"pl-PL","potentialAction":[{"@type":"ReadAction","target":["https:\/\/quigg.kuechenmaschine-hup.de\/pl\/impressum"]}]},{"@type":"BreadcrumbList","@id":"https:\/\/quigg.kuechenmaschine-hup.de\/pl\/impressum#breadcrumb","itemListElement":[{"@type":"ListItem","position":1,"name":"Startseite","item":"https:\/\/quigg.kuechenmaschine-hup.de\/"},{"@type":"ListItem","position":2,"name":"Impressum"}]},{"@type":"WebSite","@id":"https:\/\/quigg.kuechenmaschine-hup.de\/#website","url":"https:\/\/quigg.kuechenmaschine-hup.de\/","name":"Quigg","description":"","potentialAction":[{"@type":"SearchAction","target":{"@type":"EntryPoint","urlTemplate":"https:\/\/quigg.kuechenmaschine-hup.de\/?s={search_term_string}"},"query-input":"required name=search_term_string"}],"inLanguage":"pl-PL"}]}},"_links":{"self":[{"href":"https:\/\/quigg.kuechenmaschine-hup.de\/pl\/wp-json\/wp\/v2\/pages\/1228"}],"collection":[{"href":"https:\/\/quigg.kuechenmaschine-hup.de\/pl\/wp-json\/wp\/v2\/pages"}],"about":[{"href":"https:\/\/quigg.kuechenmaschine-hup.de\/pl\/wp-json\/wp\/v2\/types\/page"}],"author":[{"embeddable":true,"href":"https:\/\/quigg.kuechenmaschine-hup.de\/pl\/wp-json\/wp\/v2\/users\/1"}],"replies":[{"embeddable":true,"href":"https:\/\/quigg.kuechenmaschine-hup.de\/pl\/wp-json\/wp\/v2\/comments?post=1228"}],"version-history":[{"count":0,"href":"https:\/\/quigg.kuechenmaschine-hup.de\/pl\/wp-json\/wp\/v2\/pages\/1228\/revisions"}],"wp:attachment":[{"href":"https:\/\/quigg.kuechenmaschine-hup.de\/pl\/wp-json\/wp\/v2\/media?parent=1228"}],"curies":[{"name":"wp","href":"https:\/\/api.w.org\/{rel}","templated":true}]}}