{"id":1153,"date":"2017-07-19T08:43:37","date_gmt":"2017-07-19T06:43:37","guid":{"rendered":"http:\/\/quiggkuechenmaschine-hup.lake-style.de\/km2017wiwi-17"},"modified":"2018-09-27T13:43:59","modified_gmt":"2018-09-27T11:43:59","slug":"km2017wiwi-17","status":"publish","type":"page","link":"https:\/\/quigg.kuechenmaschine-hup.de\/pl\/km2017wiwi-17","title":{"rendered":"Home"},"content":{"rendered":"<section class=\"wpb-content-wrapper\">\n\t\t<section  class=\"content-section    pt-30-xs pb-30-xs pt-40-md pb-40-md  no-margin  \" >\n\n\t\t\t<div class=\"row   \">\n\n\t\t\t\t[vc_column][vc_column_text]\n<h2 class=\"ls-no-margin-bottom fw-semibold\">Robot kuchenny z funkcj\u0105 WLAN<\/h2>\n<h3>Urz\u0105dzenie mo\u017cna obs\u0142ugiwa\u0107 za pomoc\u0105 aplikacji przez smartfona\/tablet \u2013 aplikacja ze 150 przepisami<\/h3>\n[\/vc_column_text][\/vc_column]\n\t\t\t<\/div>\n\n\t\t\t\n\t\t\t\n\t\t\t\n\t\t\t\n\t\t<\/section>\n\n\t\n\t\t<section  class=\"content-section      no-margin  \" >\n\n\t\t\t<div class=\"row   \">\n\n\t\t\t\t[vc_column][ls_vc_slider_image vc_images=&#8221;1108,1109,1137,1136,1135&#8243;][\/vc_column]\n\t\t\t<\/div>\n\n\t\t\t\n\t\t\t\n\t\t\t\n\t\t\t\n\t\t<\/section>\n\n\t\n\t\t<section  class=\"content-section    pt-40-xs pt-50-md pt-70-lg  no-margin  \" >\n\n\t\t\t<div class=\"row   \">\n\n\t\t\t\t[vc_column vc_align_elements=&#8221;ls-text-center-xs&#8221; offset=&#8221;vc_col-md-offset-2 vc_col-md-8&#8243;][vc_column_text]<strong>Tutaj mo\u017cna pobra\u0107 aplikacj\u0119 dla urz\u0105dze\u0144 iOS lub Android:<\/strong>[\/vc_column_text][vc_row_inner][vc_column_inner width=&#8221;1\/2&#8243; vc_align_elements=&#8221;ls-text-center-xs&#8221;][vc_column_text]<a href=\"https:\/\/play.google.com\/store\/apps\/details?id=com.hup.km2017wi\" rel=\"external\"><img class=\"alignnone size-medium wp-image-1176\" src=\"http:\/\/quigg.kuechenmaschine-hup.de\/wp-content\/uploads\/2017\/08\/de-google-play-badge.png\" alt=\"\" \/><\/a>[\/vc_column_text][\/vc_column_inner][vc_column_inner width=&#8221;1\/2&#8243; vc_align_elements=&#8221;ls-text-center-xs&#8221;][vc_column_text]<a href=\"https:\/\/itunes.apple.com\/de\/app\/k\u00fcchenmaschine-mit-kochfunktion-km2017wi\/id1240268395?mt=8\" rel=\"external\"><img class=\"alignnone size-medium wp-image-1175\" src=\"http:\/\/quigg.kuechenmaschine-hup.de\/wp-content\/uploads\/2017\/08\/app_store_logo.png\" alt=\"\" \/><\/a>[\/vc_column_text][\/vc_column_inner][\/vc_row_inner][vc_column_text]<a href=\"https:\/\/www.kuechenmaschine-hup.de\/app-informationen.html\" target=\"_blank\" rel=\"noopener\">Informacje o aplikacji<\/a><\/p>\n<p><a href=\"https:\/\/www.kuechenmaschine-hup.de\/datenschutzerklaerungen-app.html\" target=\"_blank\" rel=\"noopener\">O\u015bwiadczenie o ochronie danych w razie korzystania z aplikacji<\/a>[\/vc_column_text][\/vc_column]\n\t\t\t<\/div>\n\n\t\t\t\n\t\t\t\n\t\t\t\n\t\t\t\n\t\t<\/section>\n\n\t\n\t\t<section  id=\"video\" class=\"content-section    pt-40-xs pb-40-xs pt-50-md pb-50-md pt-70-lg pb-70-lg  no-margin  \" >\n\n\t\t\t<div class=\"row   \">\n\n\t\t\t\t[vc_column][ls_vc_seperator_anchor vc_title=&#8221;Obejrze\u0107 wideo o produkcie&#8221;][ls_vc_spacer vc_height=&#8221;0&#8243;][ls_vc_html5video vc_file_videoposter=&#8221;1189&#8243; vc_file_mp4=&#8221;1191&#8243; vc_html5video_controls=&#8221;yes&#8221;][\/vc_column]\n\t\t\t<\/div>\n\n\t\t\t\n\t\t\t\n\t\t\t\n\t\t\t\n\t\t<\/section>\n\n\t\n\t\t<section  id=\"infos\" class=\"content-section    pb-40-xs pb-50-md pb-70-lg  no-margin  \" >\n\n\t\t\t<div class=\"row   \">\n\n\t\t\t\t[vc_column][ls_vc_seperator_anchor vc_title=&#8221;Wi\u0119cej informacji&#8221;][ls_vc_spacer vc_height=&#8221;0&#8243;]\n\t\t<div class=\"ls-vc-accordion wpb_content_element\">\n\n\t       \t<div class=\"accordion-container js-accordion-container\" id=\"mehrinfos\">\n\n\t       \t\t<h4>Cechy u\u017cytkowe<\/h4><div class=\"entry-content\">\n<ul>\n<li>Funkcja gotowania<\/li>\n<li>Pojemnik miksera ze stali szlachetnej<\/li>\n<li>Nak\u0142adka do gotowania na parze<\/li>\n<li>Wbudowana waga kuchenna<\/li>\n<li>Programy zainstalowane fabrycznie<\/li>\n<li>Ksi\u0105\u017cka z przepisami<\/li>\n<li>DVD<\/li>\n<li>Aplikacja ze 150 przepisami na urz\u0105dzenie z mo\u017cliwo\u015bci\u0105 obs\u0142ugi za po\u015brednictwem smartfona\/tabletu<\/li>\n<\/ul>\n<\/div><h4>Dane techniczne<\/h4><div class=\"entry-content\">\n<ul>\n<li>Moc 1200 W<\/li>\n<li>Silnik: ok. 800 W<\/li>\n<li>Podw\u00f3jna blokada bezpiecze\u0144stwa, przez co urz\u0105dzenie mo\u017cna uruchomi\u0107 wy\u0142\u0105cznie z poprawnie zamocowanym pojemnikiem i pokryw\u0105<\/li>\n<li>Pojemnik miksera o pojemno\u015bci ok. 2,2 litra i \u0142atwo zdejmowany wk\u0142ad ostrzy (w celu \u0142atwego czyszczenia)<\/li>\n<li>Funkcje:\n<ul>\n<li>Funkcja WLAN &gt; urz\u0105dzenie mo\u017cna obs\u0142ugiwa\u0107 aplikacj\u0105 poprzez smartfon\/tablet\n<ul>\n<li>Aplikacja ze 150 recepturami<\/li>\n<li>Dla zainstalowanych receptur wszelkie wymagane ustawienia zosta\u0142y ju\u017c zaprogramowane fabrycznie.<\/li>\n<li>Kolejno\u015b\u0107 przetwarzania produkt\u00f3w mo\u017cna zrealizowa\u0107 krok po kroku za pomoc\u0105 urz\u0105dzenia mobilnego.<\/li>\n<li>Wczytywanie ustawie\u0144 indywidualnych oraz sporz\u0105dzanie w\u0142asnych receptur mo\u017cliwe jest r\u00f3wnie\u017c za pomoc\u0105 aplikacji.<\/li>\n<\/ul>\n<\/li>\n<li>11 stopni pr\u0119dko\u015bci obrotowych w prawo wraz ze stopniem mieszania zachowuj\u0105cym i chroni\u0105cym struktur\u0119 produkt\u00f3w<\/li>\n<li>Obroty w lewo: 3 stopnie pr\u0119dko\u015bci obrotowych w celu urzeczywistnienia jeszcze bardziej zindywidualizowanych wariant\u00f3w przygotowywania potraw (np. mieszanie, zagniatanie<br \/>\nitp.)<\/li>\n<li>Funkcja turbo<\/li>\n<li>Funkcja dodatkowego podgrzewania (od ok. 30\u00b0C do ok. 120\u00b0C)<\/li>\n<li>Wraz z programami zainstalowanymi fabrycznie dla gotowania na parze, wytwarzania marmolad, zagniatania i przygotowywania zup<\/li>\n<\/ul>\n<\/li>\n<li>Regulator czasu (od 1 s do 99 min)<\/li>\n<li>Wbudowana waga kuchenna z zakresem pomiaru od 1 g do 5000 g<\/li>\n<li>Pod\u015bwietlany wy\u015bwietlacz wskazuj\u0105cy temperatur\u0119, pr\u0119dko\u015b\u0107, czas i mas\u0119 oraz wiele innych.<\/li>\n<\/ul>\n<\/div><h4>Mo\u017cliwo\u015bci zastosowania<\/h4><div class=\"entry-content\">\n<ul>\n<li>Mieszanie\/zagniatanie r\u00f3\u017cnych ciast<\/li>\n<li>Miksowanie shak\u00f3w mlecznych, sos\u00f3w do sa\u0142atek, koktajli<\/li>\n<li>Gotowanie zup, sos\u00f3w, da\u0144 jednogarnkowych, marmolady<\/li>\n<li>Gotowanie na parze warzyw, ryb<\/li>\n<li>Emulgowanie majonezu, krem\u00f3w, sosu holenderskiego<\/li>\n<li>Rozdrabniane zi\u00f3\u0142, orzech\u00f3w, pesto<\/li>\n<li>Sporz\u0105dzanie piure z warzyw, mi\u0119s, posi\u0142k\u00f3w dla niemowl\u0105t<\/li>\n<li>Ubijanie \u015bmietany, piany z bia\u0142ka<\/li>\n<li>Wa\u017cenie bezpo\u015brednio w urz\u0105dzeniu<\/li>\n<\/ul>\n<p>i wiele innych!<\/div>\n\t       \t<\/div><!-- end \/.accordion-container -->\n\n\t\t<\/div><!-- end \/.ls-vc-accordion -->\n\n\t   \t[\/vc_column]\n\t\t\t<\/div>\n\n\t\t\t\n\t\t\t\n\t\t\t\n\t\t\t\n\t\t<\/section>\n\n\t\n\t\t<section  id=\"downloads\" class=\"content-section      no-margin  \" >\n\n\t\t\t<div class=\"row   \">\n\n\t\t\t\t[vc_column][ls_vc_seperator_anchor vc_title=&#8221;Pobieranie i e-ksi\u0105\u017cki&#8221;][ls_vc_spacer vc_height=&#8221;0&#8243;]\n\t\t<div class=\"ls-vc-accordion wpb_content_element\">\n\n\t       \t<div class=\"accordion-container js-accordion-container\" >\n\n\t       \t\t<h4>Instrukcja obs\u0142ugi robota kuchennego<\/h4><div class=\"entry-content\">\n<ul>\n<li><a class=\"popup-iframe\" href=\"http:\/\/quigg.kuechenmaschine-hup.de\/KM2017Wi_17__PL__BA__ePaper__epaper-2017-08-30_200616\">Podgl\u0105d e-papieru<\/a><\/li>\n<li><a href=\"http:\/\/quigg.kuechenmaschine-hup.de\/wp-content\/uploads\/2017\/09\/KM2017Wi_17__PL__BA__ePaper4.pdf\" target=\"_blank\" rel=\"noopener\">Podgl\u0105d PDF<\/a><\/li>\n<\/ul>\n<\/div><h4>Ksi\u0105\u017cka z przepisami<\/h4><div class=\"entry-content\">\n<ul>\n<li><a class=\"popup-iframe\" href=\"http:\/\/quigg.kuechenmaschine-hup.de\/Ksiazka_z_przepisami\">Podgl\u0105d e-papieru<\/a><\/li>\n<li><a href=\"http:\/\/quigg.kuechenmaschine-hup.de\/wp-content\/uploads\/2017\/09\/Ksiazka_z_przepisami.pdf\" target=\"_blank\" rel=\"noopener\">Podgl\u0105d PDF<\/a><\/li>\n<\/ul>\n<\/div><h4>Instrukcja obs\u0142ugi aplikacji<\/h4><div class=\"entry-content\">\n<ul>\n<li><a class=\"popup-iframe\" title=\"Podgl\u0105d e-papieru\" href=\"http:\/\/quigg.kuechenmaschine-hup.de\/KM2017Wi_17__PL__appBA__ePaper__epaper-2017-08-30_200614\">Podgl\u0105d e-papieru<\/a><\/li>\n<li><a href=\"http:\/\/quigg.kuechenmaschine-hup.de\/wp-content\/uploads\/2017\/09\/KM2017Wi_17__PL__appBA__ePaper2.pdf\" target=\"_blank\" rel=\"noopener\">Podgl\u0105d PDF<\/a><\/li>\n<\/ul>\n<\/div><h4>Deklaracja zgodno\u015bci UE<\/h4><div class=\"entry-content\">\n<ul>\n<li><a href=\"http:\/\/quigg.kuechenmaschine-hup.de\/wp-content\/uploads\/2017\/08\/KM-2017Wi_KM-2017Wi.17_CE_KE.pdf\" target=\"_blank\" rel=\"noopener\">Podgl\u0105d PDF<\/a><\/li>\n<\/ul>\n<\/div>\n\t       \t<\/div><!-- end \/.accordion-container -->\n\n\t\t<\/div><!-- end \/.ls-vc-accordion -->\n\n\t   \t[\/vc_column]\n\t\t\t<\/div>\n\n\t\t\t\n\t\t\t\n\t\t\t\n\t\t\t\n\t\t<\/section>\n\n\t\n\t\t<section  class=\"content-section    pt-30-xs pb-30-xs pt-40-md pb-40-md  no-margin  \" >\n\n\t\t\t<div class=\"row   \">\n\n\t\t\t\t[vc_column][vc_column_text]\u201eGoogle, Google Play, Android<sup>TM<\/sup> i inne marki s\u0105 markami Google Inc.\u201c[\/vc_column_text][\/vc_column]\n\t\t\t<\/div>\n\n\t\t\t\n\t\t\t\n\t\t\t\n\t\t\t\n\t\t<\/section>\n\n\t\n<\/section>","protected":false},"excerpt":{"rendered":"[vc_column][vc_column_text] Robot kuchenny z funkcj\u0105 WLAN Urz\u0105dzenie mo\u017cna obs\u0142ugiwa\u0107 za pomoc\u0105 aplikacji przez smartfona\/tablet \u2013 aplikacja ze 150 przepisami [\/vc_column_text][\/vc_column] [vc_column][ls_vc_slider_image vc_images=\"1108,1109,1137,1136,1135\"][\/vc_column] [vc_column vc_align_elements=\"ls-text-center-xs\" offset=\"vc_col-md-offset-2 vc_col-md-8\"][vc_column_text]Tutaj mo\u017cna pobra\u0107 aplikacj\u0119 dla urz\u0105dze\u0144 iOS lub Android:[\/vc_column_text][vc_row_inner][vc_column_inner width=\"1\/2\" vc_align_elements=\"ls-text-center-xs\"][vc_column_text][\/vc_column_text][\/vc_column_inner][vc_column_inner width=\"1\/2\" vc_align_elements=\"ls-text-center-xs\"][vc_column_text][\/vc_column_text][\/vc_column_inner][\/vc_row_inner][vc_column_text]Informacje o aplikacji O\u015bwiadczenie o ochronie danych w razie korzystania z aplikacji[\/vc_column_text][\/vc_column] [vc_column][ls_vc_seperator_anchor <a class=\"moretag\" href=\"https:\/\/quigg.kuechenmaschine-hup.de\/pl\/km2017wiwi-17\">read more...<\/a>","protected":false},"author":1,"featured_media":0,"parent":0,"menu_order":0,"comment_status":"closed","ping_status":"closed","template":"","meta":[],"acf":[],"yoast_head":"<!-- This site is optimized with the Yoast SEO plugin v19.9 - https:\/\/yoast.com\/wordpress\/plugins\/seo\/ -->\n<title>Home - Quigg<\/title>\n<meta name=\"robots\" content=\"index, follow, max-snippet:-1, max-image-preview:large, max-video-preview:-1\" \/>\n<link rel=\"canonical\" href=\"https:\/\/quigg.kuechenmaschine-hup.de\/pl\/km2017wiwi-17\" \/>\n<meta property=\"og:locale\" content=\"pl_PL\" \/>\n<meta property=\"og:type\" content=\"article\" \/>\n<meta property=\"og:title\" content=\"Home - Quigg\" \/>\n<meta property=\"og:url\" content=\"https:\/\/quigg.kuechenmaschine-hup.de\/pl\/km2017wiwi-17\" \/>\n<meta property=\"og:site_name\" content=\"Quigg\" \/>\n<meta property=\"article:modified_time\" content=\"2018-09-27T11:43:59+00:00\" \/>\n<meta property=\"og:image\" content=\"http:\/\/quigg.kuechenmaschine-hup.de\/wp-content\/uploads\/2017\/08\/de-google-play-badge.png\" \/>\n<meta name=\"twitter:card\" content=\"summary_large_image\" \/>\n<meta name=\"twitter:label1\" content=\"Szacowany czas czytania\" \/>\n\t<meta name=\"twitter:data1\" content=\"4 minuty\" \/>\n<script type=\"application\/ld+json\" class=\"yoast-schema-graph\">{\"@context\":\"https:\/\/schema.org\",\"@graph\":[{\"@type\":\"WebPage\",\"@id\":\"https:\/\/quigg.kuechenmaschine-hup.de\/pl\/km2017wiwi-17\",\"url\":\"https:\/\/quigg.kuechenmaschine-hup.de\/pl\/km2017wiwi-17\",\"name\":\"Home - Quigg\",\"isPartOf\":{\"@id\":\"https:\/\/quigg.kuechenmaschine-hup.de\/#website\"},\"datePublished\":\"2017-07-19T06:43:37+00:00\",\"dateModified\":\"2018-09-27T11:43:59+00:00\",\"breadcrumb\":{\"@id\":\"https:\/\/quigg.kuechenmaschine-hup.de\/pl\/km2017wiwi-17#breadcrumb\"},\"inLanguage\":\"pl-PL\",\"potentialAction\":[{\"@type\":\"ReadAction\",\"target\":[\"https:\/\/quigg.kuechenmaschine-hup.de\/pl\/km2017wiwi-17\"]}]},{\"@type\":\"BreadcrumbList\",\"@id\":\"https:\/\/quigg.kuechenmaschine-hup.de\/pl\/km2017wiwi-17#breadcrumb\",\"itemListElement\":[{\"@type\":\"ListItem\",\"position\":1,\"name\":\"Startseite\",\"item\":\"https:\/\/quigg.kuechenmaschine-hup.de\/\"},{\"@type\":\"ListItem\",\"position\":2,\"name\":\"Home\"}]},{\"@type\":\"WebSite\",\"@id\":\"https:\/\/quigg.kuechenmaschine-hup.de\/#website\",\"url\":\"https:\/\/quigg.kuechenmaschine-hup.de\/\",\"name\":\"Quigg\",\"description\":\"\",\"potentialAction\":[{\"@type\":\"SearchAction\",\"target\":{\"@type\":\"EntryPoint\",\"urlTemplate\":\"https:\/\/quigg.kuechenmaschine-hup.de\/?s={search_term_string}\"},\"query-input\":\"required name=search_term_string\"}],\"inLanguage\":\"pl-PL\"}]}<\/script>\n<!-- \/ Yoast SEO plugin. -->","yoast_head_json":{"title":"Home - Quigg","robots":{"index":"index","follow":"follow","max-snippet":"max-snippet:-1","max-image-preview":"max-image-preview:large","max-video-preview":"max-video-preview:-1"},"canonical":"https:\/\/quigg.kuechenmaschine-hup.de\/pl\/km2017wiwi-17","og_locale":"pl_PL","og_type":"article","og_title":"Home - Quigg","og_url":"https:\/\/quigg.kuechenmaschine-hup.de\/pl\/km2017wiwi-17","og_site_name":"Quigg","article_modified_time":"2018-09-27T11:43:59+00:00","og_image":[{"url":"http:\/\/quigg.kuechenmaschine-hup.de\/wp-content\/uploads\/2017\/08\/de-google-play-badge.png"}],"twitter_card":"summary_large_image","twitter_misc":{"Szacowany czas czytania":"4 minuty"},"schema":{"@context":"https:\/\/schema.org","@graph":[{"@type":"WebPage","@id":"https:\/\/quigg.kuechenmaschine-hup.de\/pl\/km2017wiwi-17","url":"https:\/\/quigg.kuechenmaschine-hup.de\/pl\/km2017wiwi-17","name":"Home - Quigg","isPartOf":{"@id":"https:\/\/quigg.kuechenmaschine-hup.de\/#website"},"datePublished":"2017-07-19T06:43:37+00:00","dateModified":"2018-09-27T11:43:59+00:00","breadcrumb":{"@id":"https:\/\/quigg.kuechenmaschine-hup.de\/pl\/km2017wiwi-17#breadcrumb"},"inLanguage":"pl-PL","potentialAction":[{"@type":"ReadAction","target":["https:\/\/quigg.kuechenmaschine-hup.de\/pl\/km2017wiwi-17"]}]},{"@type":"BreadcrumbList","@id":"https:\/\/quigg.kuechenmaschine-hup.de\/pl\/km2017wiwi-17#breadcrumb","itemListElement":[{"@type":"ListItem","position":1,"name":"Startseite","item":"https:\/\/quigg.kuechenmaschine-hup.de\/"},{"@type":"ListItem","position":2,"name":"Home"}]},{"@type":"WebSite","@id":"https:\/\/quigg.kuechenmaschine-hup.de\/#website","url":"https:\/\/quigg.kuechenmaschine-hup.de\/","name":"Quigg","description":"","potentialAction":[{"@type":"SearchAction","target":{"@type":"EntryPoint","urlTemplate":"https:\/\/quigg.kuechenmaschine-hup.de\/?s={search_term_string}"},"query-input":"required name=search_term_string"}],"inLanguage":"pl-PL"}]}},"_links":{"self":[{"href":"https:\/\/quigg.kuechenmaschine-hup.de\/pl\/wp-json\/wp\/v2\/pages\/1153"}],"collection":[{"href":"https:\/\/quigg.kuechenmaschine-hup.de\/pl\/wp-json\/wp\/v2\/pages"}],"about":[{"href":"https:\/\/quigg.kuechenmaschine-hup.de\/pl\/wp-json\/wp\/v2\/types\/page"}],"author":[{"embeddable":true,"href":"https:\/\/quigg.kuechenmaschine-hup.de\/pl\/wp-json\/wp\/v2\/users\/1"}],"replies":[{"embeddable":true,"href":"https:\/\/quigg.kuechenmaschine-hup.de\/pl\/wp-json\/wp\/v2\/comments?post=1153"}],"version-history":[{"count":15,"href":"https:\/\/quigg.kuechenmaschine-hup.de\/pl\/wp-json\/wp\/v2\/pages\/1153\/revisions"}],"predecessor-version":[{"id":1371,"href":"https:\/\/quigg.kuechenmaschine-hup.de\/pl\/wp-json\/wp\/v2\/pages\/1153\/revisions\/1371"}],"wp:attachment":[{"href":"https:\/\/quigg.kuechenmaschine-hup.de\/pl\/wp-json\/wp\/v2\/media?parent=1153"}],"curies":[{"name":"wp","href":"https:\/\/api.w.org\/{rel}","templated":true}]}}