{"id":1552,"date":"2018-08-15T18:36:09","date_gmt":"2018-08-15T16:36:09","guid":{"rendered":"http:\/\/quiggkuechenmaschine-hup.lake-style.de\/datenschutzhinweise"},"modified":"2019-06-07T12:00:09","modified_gmt":"2019-06-07T10:00:09","slug":"politique-de-protection-des-donnees","status":"publish","type":"page","link":"https:\/\/quigg.kuechenmaschine-hup.de\/fr\/politique-de-protection-des-donnees","title":{"rendered":"Politique de protection des donn\u00e9es"},"content":{"rendered":"\n\t\t<section  class=\"content-section    pt-30-xs pb-30-xs pt-40-md pb-40-md  no-margin  \" >\n\n\t\t\t<div class=\"row   \">\n\n\t\t\t\t[vc_column][vc_column_text]\n<h2>Politique de protection des donn\u00e9es<\/h2>\n<p>Est responsable de la protection des donn\u00e9es sur ce site Internet la soci\u00e9t\u00e9 Hans-Ulrich Petermann Beratungs- und Vertriebs GmbH &amp; Co. KG, Schlagenhofener Weg 40, 82229 Seefeld &#8211; Allemagne, repr\u00e9sent\u00e9e par son directeur Phillip Petermann, t\u00e9l\u00e9phone\u00a0: +49\u00a08152\u00a09902-0, fax\u00a0: +49\u00a08152\u00a09902-30, e-mail\u00a0: &#x69;&#x6e;&#x66;&#x6f;&#x40;&#x68;&#x75;&#x70;&#x2d;&#x70;&#x65;&#x74;&#x65;&#x72;&#x6d;&#x61;&#x6e;&#x6e;&#x2e;&#x64;&#x65;.<\/p>\n<p>Les donn\u00e9es personnelles ne sont pas collect\u00e9es ni trait\u00e9es, et aucun cookie n\u2019est utilis\u00e9 sur cette page. \u00c0 chaque consultation du site, notre serveur Internet traite n\u00e9anmoins un certain nombre de donn\u00e9es qui sont transmises automatiquement par votre navigateur (donn\u00e9es de protocole du serveur ou fichiers journaux). Il s\u2019agit notamment de l\u2019adresse IP attribu\u00e9e actuellement \u00e0 votre appareil, de la date et de l\u2019heure de votre requ\u00eate, du fuseau horaire, de la page ou du fichier consult\u00e9s et de la quantit\u00e9 de donn\u00e9es transmises. Le serveur Internet utilise ces donn\u00e9es afin d\u2019afficher au mieux le contenu du site Internet sur votre appareil. Ces donn\u00e9es ne sont utilis\u00e9es qu\u2019\u00e0 des fins de s\u00e9curit\u00e9 du syst\u00e8me et administratives (art.\u00a06 alin\u00e9a 1f du RGPD). Ce traitement n\u2019est pas prescrit par la loi ni par contrat. La consultation de ce site Internet n\u2019est cependant pas possible sans la collecte de ces donn\u00e9es, ou seulement de mani\u00e8re limit\u00e9e. Nos fichiers journaux (y compris votre adresse IP) sont uniquement trait\u00e9s de mani\u00e8re anonyme et sont supprim\u00e9s automatiquement dans les 30\u00a0jours au plus tard.<\/p>\n<p>Vous avez le droit de nous demander la confirmation que nous traitons vos donn\u00e9es personnelles et vous disposez d\u2019un droit d\u2019acc\u00e8s \u00e0 ces derni\u00e8res. Vous avez par ailleurs la possibilit\u00e9 d\u2019exercer des droits de rectification, d\u2019annulation et de restriction au traitement des donn\u00e9es personnelles ainsi que le droit \u00e0 la transmission des donn\u00e9es et vous pouvez r\u00e9voquer \u00e0 tout moment votre accord concernant le traitement des donn\u00e9es, ou exiger la transmission de ces donn\u00e9es. Toute demande d\u2019informations ou d\u2019acc\u00e8s, toute opposition au traitement des donn\u00e9es ou r\u00e9vocation de votre accord doivent \u00eatre adress\u00e9es par e-mail \u00e0 l\u2019adresse indiqu\u00e9e dans les mentions l\u00e9gales. En cas de violation des donn\u00e9es personnelles, vous avez \u00e9galement le droit de d\u00e9poser plainte aupr\u00e8s d\u2019une autorit\u00e9 de surveillance.[\/vc_column_text][\/vc_column]\n\t\t\t<\/div>\n\n\t\t\t\n\t\t\t\n\t\t\t\n\t\t\t\n\t\t<\/section>\n\n\t\n","protected":false},"excerpt":{"rendered":"[vc_column][vc_column_text] Politique de protection des donn\u00e9es Est responsable de la protection des donn\u00e9es sur ce site Internet la soci\u00e9t\u00e9 Hans-Ulrich Petermann Beratungs- und Vertriebs GmbH &amp; Co. KG, Schlagenhofener Weg 40, 82229 Seefeld - Allemagne, repr\u00e9sent\u00e9e par son directeur Phillip Petermann, t\u00e9l\u00e9phone\u00a0: +49\u00a08152\u00a09902-0, fax\u00a0: +49\u00a08152\u00a09902-30, e-mail\u00a0: &#x69;&#x6e;&#102;&#111;&#64;&#x68;&#x75;&#x70;&#45;pe&#x74;&#x65;&#114;&#109;a&#x6e;&#x6e;&#x2e;&#100;e. Les donn\u00e9es personnelles <a class=\"moretag\" href=\"https:\/\/quigg.kuechenmaschine-hup.de\/fr\/politique-de-protection-des-donnees\">read more...<\/a>","protected":false},"author":1,"featured_media":0,"parent":0,"menu_order":3,"comment_status":"closed","ping_status":"closed","template":"","meta":[],"acf":[],"yoast_head":"<!-- This site is optimized with the Yoast SEO plugin v19.9 - https:\/\/yoast.com\/wordpress\/plugins\/seo\/ -->\n<title>Politique de protection des donn\u00e9es - Quigg<\/title>\n<meta name=\"robots\" content=\"index, follow, max-snippet:-1, max-image-preview:large, max-video-preview:-1\" \/>\n<link rel=\"canonical\" href=\"https:\/\/quigg.kuechenmaschine-hup.de\/fr\/politique-de-protection-des-donnees\" \/>\n<meta property=\"og:locale\" content=\"fr_FR\" \/>\n<meta property=\"og:type\" content=\"article\" \/>\n<meta property=\"og:title\" content=\"Politique de protection des donn\u00e9es - Quigg\" \/>\n<meta property=\"og:url\" content=\"https:\/\/quigg.kuechenmaschine-hup.de\/fr\/politique-de-protection-des-donnees\" \/>\n<meta property=\"og:site_name\" content=\"Quigg\" \/>\n<meta property=\"article:modified_time\" content=\"2019-06-07T10:00:09+00:00\" \/>\n<meta name=\"twitter:card\" content=\"summary_large_image\" \/>\n<meta name=\"twitter:label1\" content=\"Dur\u00e9e de lecture estim\u00e9e\" \/>\n\t<meta name=\"twitter:data1\" content=\"2 minutes\" \/>\n<script type=\"application\/ld+json\" class=\"yoast-schema-graph\">{\"@context\":\"https:\/\/schema.org\",\"@graph\":[{\"@type\":\"WebPage\",\"@id\":\"https:\/\/quigg.kuechenmaschine-hup.de\/fr\/politique-de-protection-des-donnees\",\"url\":\"https:\/\/quigg.kuechenmaschine-hup.de\/fr\/politique-de-protection-des-donnees\",\"name\":\"Politique de protection des donn\u00e9es - Quigg\",\"isPartOf\":{\"@id\":\"https:\/\/quigg.kuechenmaschine-hup.de\/#website\"},\"datePublished\":\"2018-08-15T16:36:09+00:00\",\"dateModified\":\"2019-06-07T10:00:09+00:00\",\"breadcrumb\":{\"@id\":\"https:\/\/quigg.kuechenmaschine-hup.de\/fr\/politique-de-protection-des-donnees#breadcrumb\"},\"inLanguage\":\"fr-FR\",\"potentialAction\":[{\"@type\":\"ReadAction\",\"target\":[\"https:\/\/quigg.kuechenmaschine-hup.de\/fr\/politique-de-protection-des-donnees\"]}]},{\"@type\":\"BreadcrumbList\",\"@id\":\"https:\/\/quigg.kuechenmaschine-hup.de\/fr\/politique-de-protection-des-donnees#breadcrumb\",\"itemListElement\":[{\"@type\":\"ListItem\",\"position\":1,\"name\":\"Startseite\",\"item\":\"https:\/\/quigg.kuechenmaschine-hup.de\/\"},{\"@type\":\"ListItem\",\"position\":2,\"name\":\"Politique de protection des donn\u00e9es\"}]},{\"@type\":\"WebSite\",\"@id\":\"https:\/\/quigg.kuechenmaschine-hup.de\/#website\",\"url\":\"https:\/\/quigg.kuechenmaschine-hup.de\/\",\"name\":\"Quigg\",\"description\":\"\",\"potentialAction\":[{\"@type\":\"SearchAction\",\"target\":{\"@type\":\"EntryPoint\",\"urlTemplate\":\"https:\/\/quigg.kuechenmaschine-hup.de\/?s={search_term_string}\"},\"query-input\":\"required name=search_term_string\"}],\"inLanguage\":\"fr-FR\"}]}<\/script>\n<!-- \/ Yoast SEO plugin. -->","yoast_head_json":{"title":"Politique de protection des donn\u00e9es - Quigg","robots":{"index":"index","follow":"follow","max-snippet":"max-snippet:-1","max-image-preview":"max-image-preview:large","max-video-preview":"max-video-preview:-1"},"canonical":"https:\/\/quigg.kuechenmaschine-hup.de\/fr\/politique-de-protection-des-donnees","og_locale":"fr_FR","og_type":"article","og_title":"Politique de protection des donn\u00e9es - Quigg","og_url":"https:\/\/quigg.kuechenmaschine-hup.de\/fr\/politique-de-protection-des-donnees","og_site_name":"Quigg","article_modified_time":"2019-06-07T10:00:09+00:00","twitter_card":"summary_large_image","twitter_misc":{"Dur\u00e9e de lecture estim\u00e9e":"2 minutes"},"schema":{"@context":"https:\/\/schema.org","@graph":[{"@type":"WebPage","@id":"https:\/\/quigg.kuechenmaschine-hup.de\/fr\/politique-de-protection-des-donnees","url":"https:\/\/quigg.kuechenmaschine-hup.de\/fr\/politique-de-protection-des-donnees","name":"Politique de protection des donn\u00e9es - Quigg","isPartOf":{"@id":"https:\/\/quigg.kuechenmaschine-hup.de\/#website"},"datePublished":"2018-08-15T16:36:09+00:00","dateModified":"2019-06-07T10:00:09+00:00","breadcrumb":{"@id":"https:\/\/quigg.kuechenmaschine-hup.de\/fr\/politique-de-protection-des-donnees#breadcrumb"},"inLanguage":"fr-FR","potentialAction":[{"@type":"ReadAction","target":["https:\/\/quigg.kuechenmaschine-hup.de\/fr\/politique-de-protection-des-donnees"]}]},{"@type":"BreadcrumbList","@id":"https:\/\/quigg.kuechenmaschine-hup.de\/fr\/politique-de-protection-des-donnees#breadcrumb","itemListElement":[{"@type":"ListItem","position":1,"name":"Startseite","item":"https:\/\/quigg.kuechenmaschine-hup.de\/"},{"@type":"ListItem","position":2,"name":"Politique de protection des donn\u00e9es"}]},{"@type":"WebSite","@id":"https:\/\/quigg.kuechenmaschine-hup.de\/#website","url":"https:\/\/quigg.kuechenmaschine-hup.de\/","name":"Quigg","description":"","potentialAction":[{"@type":"SearchAction","target":{"@type":"EntryPoint","urlTemplate":"https:\/\/quigg.kuechenmaschine-hup.de\/?s={search_term_string}"},"query-input":"required name=search_term_string"}],"inLanguage":"fr-FR"}]}},"_links":{"self":[{"href":"https:\/\/quigg.kuechenmaschine-hup.de\/fr\/wp-json\/wp\/v2\/pages\/1552"}],"collection":[{"href":"https:\/\/quigg.kuechenmaschine-hup.de\/fr\/wp-json\/wp\/v2\/pages"}],"about":[{"href":"https:\/\/quigg.kuechenmaschine-hup.de\/fr\/wp-json\/wp\/v2\/types\/page"}],"author":[{"embeddable":true,"href":"https:\/\/quigg.kuechenmaschine-hup.de\/fr\/wp-json\/wp\/v2\/users\/1"}],"replies":[{"embeddable":true,"href":"https:\/\/quigg.kuechenmaschine-hup.de\/fr\/wp-json\/wp\/v2\/comments?post=1552"}],"version-history":[{"count":1,"href":"https:\/\/quigg.kuechenmaschine-hup.de\/fr\/wp-json\/wp\/v2\/pages\/1552\/revisions"}],"predecessor-version":[{"id":1618,"href":"https:\/\/quigg.kuechenmaschine-hup.de\/fr\/wp-json\/wp\/v2\/pages\/1552\/revisions\/1618"}],"wp:attachment":[{"href":"https:\/\/quigg.kuechenmaschine-hup.de\/fr\/wp-json\/wp\/v2\/media?parent=1552"}],"curies":[{"name":"wp","href":"https:\/\/api.w.org\/{rel}","templated":true}]}}