{"id":1550,"date":"2017-07-19T08:43:37","date_gmt":"2017-07-19T06:43:37","guid":{"rendered":"http:\/\/quiggkuechenmaschine-hup.lake-style.de\/km2017wiwi-17"},"modified":"2020-08-11T13:32:54","modified_gmt":"2020-08-11T11:32:54","slug":"km2017wiwi-17","status":"publish","type":"page","link":"https:\/\/quigg.kuechenmaschine-hup.de\/fr\/km2017wiwi-17","title":{"rendered":"Home"},"content":{"rendered":"<section class=\"wpb-content-wrapper\">\n\t\t<section  class=\"content-section    pt-30-xs pb-30-xs pt-40-md pb-40-md  no-margin  \" >\n\n\t\t\t<div class=\"row   \">\n\n\t\t\t\t[vc_column][vc_column_text]\n<h2 class=\"ls-no-margin-bottom fw-semibold\">Robot m\u00e9nager avec fonction WI-FI<\/h2>\n<h3>Appareil utilisable via application sur smartphone\/tablette \u2013 application avec 200\u00a0recettes<\/h3>\n[\/vc_column_text][\/vc_column]\n\t\t\t<\/div>\n\n\t\t\t\n\t\t\t\n\t\t\t\n\t\t\t\n\t\t<\/section>\n\n\t\n\t\t<section  class=\"content-section      no-margin  \" >\n\n\t\t\t<div class=\"row   \">\n\n\t\t\t\t[vc_column][ls_vc_slider_image vc_images=&#8221;1605,1610,1589,1588,1587&#8243;][\/vc_column]\n\t\t\t<\/div>\n\n\t\t\t\n\t\t\t\n\t\t\t\n\t\t\t\n\t\t<\/section>\n\n\t\n\t\t<section  class=\"content-section    pt-40-xs pt-50-md pt-70-lg  no-margin  \" >\n\n\t\t\t<div class=\"row   \">\n\n\t\t\t\t[vc_column vc_align_elements=&#8221;ls-text-center-xs&#8221; offset=&#8221;vc_col-md-offset-2 vc_col-md-8&#8243;][vc_column_text]<strong>T\u00e9l\u00e9charger ici l\u2019application pour appareils iOS ou Android:<\/strong>[\/vc_column_text][vc_row_inner][vc_column_inner width=&#8221;1\/2&#8243; vc_align_elements=&#8221;ls-text-center-xs&#8221;][vc_column_text]<a href=\"https:\/\/play.google.com\/store\/apps\/details?id=com.hup.km2017wi\" rel=\"external\"><img class=\"alignnone size-medium wp-image-1370\" src=\"http:\/\/quigg.kuechenmaschine-hup.de\/wp-content\/uploads\/2019\/06\/google-play-badge-fr-1-300x89.png\" alt=\"\" \/><\/a>[\/vc_column_text][\/vc_column_inner][vc_column_inner width=&#8221;1\/2&#8243; vc_align_elements=&#8221;ls-text-center-xs&#8221;][vc_column_text]<a href=\"https:\/\/itunes.apple.com\/de\/app\/k\u00fcchenmaschine-mit-kochfunktion-km2017wi\/id1240268395?mt=8\" rel=\"external\"><img class=\"alignnone size-medium wp-image-1374\" src=\"http:\/\/quigg.kuechenmaschine-hup.de\/wp-content\/uploads\/2019\/06\/download-on-the-app-store-en-1-300x89.png\" alt=\"\" \/><\/a>[\/vc_column_text][\/vc_column_inner][\/vc_row_inner][vc_column_text]\n<p><a href=\"https:\/\/www.kuechenmaschine-hup.de\/app-informationen.html\" target=\"_blank\" rel=\"noopener noreferrer\">Informations sur l\u2019application<br \/>\n<\/a><\/p>\n<p><a href=\"https:\/\/www.kuechenmaschine-hup.de\/datenschutzerklaerungen-app.html\" target=\"_blank\" rel=\"noopener noreferrer\">D\u00e9claration de confidentialit\u00e9 de l\u2019application<\/a><\/p>\n[\/vc_column_text][\/vc_column]\n\t\t\t<\/div>\n\n\t\t\t\n\t\t\t\n\t\t\t\n\t\t\t\n\t\t<\/section>\n\n\t\n\t\t<section  id=\"video\" class=\"content-section    pt-40-xs pb-40-xs pt-50-md pb-50-md pt-70-lg pb-70-lg  no-margin  \" >\n\n\t\t\t<div class=\"row   \">\n\n\t\t\t\t[vc_column][ls_vc_seperator_anchor vc_title=&#8221;Visionner la vid\u00e9o produit&#8221;][ls_vc_spacer vc_height=&#8221;0&#8243;][ls_vc_html5video vc_file_videoposter=&#8221;1665&#8243; vc_file_mp4=&#8221;1670&#8243; vc_file_webm=&#8221;1675&#8243; vc_html5video_controls=&#8221;yes&#8221;][\/vc_column]\n\t\t\t<\/div>\n\n\t\t\t\n\t\t\t\n\t\t\t\n\t\t\t\n\t\t<\/section>\n\n\t\n\t\t<section  id=\"infos\" class=\"content-section    pb-40-xs pb-50-md pb-70-lg  no-margin  \" >\n\n\t\t\t<div class=\"row   \">\n\n\t\t\t\t[vc_column][ls_vc_seperator_anchor vc_title=&#8221;Plus d\u2019informations&#8221;][ls_vc_spacer vc_height=&#8221;0&#8243;]\n\t\t<div class=\"ls-vc-accordion wpb_content_element\">\n\n\t       \t<div class=\"accordion-container js-accordion-container\" id=\"mehrinfos\">\n\n\t       \t\t<h4>Propri\u00e9t\u00e9s<\/h4><div class=\"entry-content\">\n<ul>\n<li>Fonction de cuisson<\/li>\n<li>Bol mixeur en acier inoxydable<\/li>\n<li>Cuiseur-vapeur<\/li>\n<li>Balance de cuisine int\u00e9gr\u00e9e<\/li>\n<li>Programmes pr\u00e9install\u00e9s<\/li>\n<li>Livre de recettes<\/li>\n<li>DVD<\/li>\n<li>Application avec 200\u00a0recettes sur l\u2019appareil, \u00e9galement utilisable sur smartphone\/tablette<\/li>\n<li>\u00ab Facile \u00e0 nettoyer \u00bb (lavable en machine pour les mod\u00e8les fabriqu\u00e9s \u00e0 compter de l\u2019automne 2020)<\/li>\n<\/ul>\n<\/div><h4>Donn\u00e9es techniques<\/h4><div class=\"entry-content\">\n<ul>\n<li>Puissance de 1200\u00a0W<\/li>\n<li>Moteur\u00a0: env. 800\u00a0W<\/li>\n<li>Double verrouillage de s\u00e9curit\u00e9\u00a0: l\u2019appareil ne peut donc fonctionner que si le r\u00e9cipient et le couvercle sont correctement mis en place<\/li>\n<li>Blender avec une capacit\u00e9 d\u2019env. 2,2\u00a0litres et \u00e9l\u00e9ment lame facilement amovible (pour un nettoyage ais\u00e9)<\/li>\n<li>Fonctions:\n<ul>\n<li>Fonction Wi-Fi &gt; Appareil utilisable via application sur smartphone\/tablette\n<ul>\n<li>Application avec 200 recettes<\/li>\n<li>Tous les r\u00e9glages n\u00e9cessaires sont pr\u00e9programm\u00e9s pour les recettes enregistr\u00e9es.<\/li>\n<li>Le d\u00e9roulement de la pr\u00e9paration peut \u00eatre trait\u00e9 \u00e9tape par \u00e9tape depuis le p\u00e9riph\u00e9rique mobile.<\/li>\n<li>L&#8217;application permet aussi la saisie de r\u00e9glages individuels et la cr\u00e9ation de recettes personnalis\u00e9es.<\/li>\n<\/ul>\n<\/li>\n<li>11\u00a0niveaux de vitesse en rotation droite avec niveau de m\u00e9lange pour pr\u00e9paration en toute s\u00e9curit\u00e9<\/li>\n<li>Rotation gauche\u00a0: 3\u00a0niveaux de vitesse pour des possibilit\u00e9s de pr\u00e9paration encore plus personnalis\u00e9es (par ex. m\u00e9langer, p\u00e9trir, etc.)<\/li>\n<li>Fonction Turbo<\/li>\n<li>Fonction de chauffe actionnable (env. 30\u00a0\u00b0C \u00e0 env. 120\u00a0\u00b0C)<\/li>\n<li>Avec programmes pr\u00e9install\u00e9s pour cuisson \u00e0 la vapeur, confitures, p\u00e9trissage et soupes<\/li>\n<\/ul>\n<\/li>\n<li>Minuterie (1\u00a0seconde \u00e0 99\u00a0minutes)<\/li>\n<li>Balance de cuisine int\u00e9gr\u00e9e avec une \u00e9tendue de pes\u00e9e de 1\u00a0gramme jusqu\u2019\u00e0 5\u00a0000\u00a0grammes<\/li>\n<li>\u00c9cran r\u00e9tro\u00e9clair\u00e9 qui affiche la temp\u00e9rature, la vitesse, la dur\u00e9e, le poids, etc.<\/li>\n<\/ul>\n<\/div><h4>Possibilit\u00e9s d\u2019utilisation<\/h4><div class=\"entry-content\">\n<ul>\n<li>M\u00e9langer\/P\u00e9trir \u2013 diff\u00e9rentes p\u00e2tes<\/li>\n<li>Mixer \u2013 milkshakes, vinaigrettes, cocktails<\/li>\n<li>Cuire \u2013 soupes, sauces, pot\u00e9es, confitures<\/li>\n<li>Cuire \u00e0 la vapeur \u2013 l\u00e9gumes, poisson<\/li>\n<li>\u00c9mulsionner \u2013 mayonnaise, cr\u00e8mes, sauce hollandaise<\/li>\n<li>Hacher \u2013 herbes aromatiques, noix, pesto<\/li>\n<li>R\u00e9duire en pur\u00e9e \u2013 l\u00e9gumes, viande, nourriture pour b\u00e9b\u00e9<\/li>\n<li>Battre \u2013 cr\u00e8me Chantilly, \u0153ufs en neige<\/li>\n<li>Peser \u2013 directement sur l\u2019appareil<\/li>\n<\/ul>\n<p>et bien plus encore\u00a0!<\/div>\n\t       \t<\/div><!-- end \/.accordion-container -->\n\n\t\t<\/div><!-- end \/.ls-vc-accordion -->\n\n\t   \t[\/vc_column]\n\t\t\t<\/div>\n\n\t\t\t\n\t\t\t\n\t\t\t\n\t\t\t\n\t\t<\/section>\n\n\t\n\t\t<section  id=\"downloads\" class=\"content-section      no-margin  \" >\n\n\t\t\t<div class=\"row   \">\n\n\t\t\t\t[vc_column][ls_vc_seperator_anchor vc_title=&#8221;T\u00e9l\u00e9chargements et livres \u00e9lectroniques&#8221;][ls_vc_spacer vc_height=&#8221;0&#8243;]\n\t\t<div class=\"ls-vc-accordion wpb_content_element\">\n\n\t       \t<div class=\"accordion-container js-accordion-container\" >\n\n\t       \t\t<h4>Notice d\u2019utilisation robot m\u00e9nager<\/h4><div class=\"entry-content\">\n<ul>\n<li><a class=\"popup-iframe\" href=\"http:\/\/quigg.kuechenmaschine-hup.de\/2020\/fr\/notice\">Visionner la version ePaper<\/a><\/li>\n<li><a href=\"http:\/\/quigg.kuechenmaschine-hup.de\/wp-content\/uploads\/2020\/08\/notice.pdf\" target=\"_blank\" rel=\"noopener noreferrer\">Visionner la version PDF<\/a><\/li>\n<\/ul>\n<\/div><h4>Livre de recettes<\/h4><div class=\"entry-content\">\n<ul>\n<li><a class=\"popup-iframe\" href=\"http:\/\/quigg.kuechenmaschine-hup.de\/2020\/fr\/recettes\">Visionner la version ePaper<\/a><\/li>\n<li><a href=\"http:\/\/quigg.kuechenmaschine-hup.de\/wp-content\/uploads\/2020\/08\/recettes.pdf\" target=\"_blank\" rel=\"noopener noreferrer\">Visionner la version PDF<\/a><\/li>\n<\/ul>\n<\/div><h4>Notice d\u2019utilisation application<\/h4><div class=\"entry-content\">\n<ul>\n<li><a class=\"popup-iframe\" title=\"\" href=\"http:\/\/quigg.kuechenmaschine-hup.de\/2020\/fr\/notice_app\">Visionner la version ePaper<\/a><\/li>\n<li><a href=\"http:\/\/quigg.kuechenmaschine-hup.de\/wp-content\/uploads\/2020\/08\/notice_app.pdf\" target=\"_blank\" rel=\"noopener noreferrer\">Visionner la version PDF<\/a><\/li>\n<\/ul>\n<\/div><h4>D\u00e9claration de conformit\u00e9 UE<\/h4><div class=\"entry-content\">La d\u00e9claration de conformit\u00e9 UE peut \u00eatre demand\u00e9e aupr\u00e8s du responsable de mise sur le march\u00e9.<\/div>\n\t       \t<\/div><!-- end \/.accordion-container -->\n\n\t\t<\/div><!-- end \/.ls-vc-accordion -->\n\n\t   \t[\/vc_column]\n\t\t\t<\/div>\n\n\t\t\t\n\t\t\t\n\t\t\t\n\t\t\t\n\t\t<\/section>\n\n\t\n\t\t<section  class=\"content-section    pt-30-xs pb-30-xs pt-40-md pb-40-md  no-margin  \" >\n\n\t\t\t<div class=\"row   \">\n\n\t\t\t\t[vc_column][vc_column_text]\u201eGoogle, Google Play, AndroidTM et d\u2019autres marques sont des marques d\u00e9pos\u00e9es de Google Inc.\u201c[\/vc_column_text][\/vc_column]\n\t\t\t<\/div>\n\n\t\t\t\n\t\t\t\n\t\t\t\n\t\t\t\n\t\t<\/section>\n\n\t\n<\/section>","protected":false},"excerpt":{"rendered":"[vc_column][vc_column_text] Robot m\u00e9nager avec fonction WI-FI Appareil utilisable via application sur smartphone\/tablette \u2013 application avec 200\u00a0recettes [\/vc_column_text][\/vc_column] [vc_column][ls_vc_slider_image vc_images=\"1605,1610,1589,1588,1587\"][\/vc_column] [vc_column vc_align_elements=\"ls-text-center-xs\" offset=\"vc_col-md-offset-2 vc_col-md-8\"][vc_column_text]T\u00e9l\u00e9charger ici l\u2019application pour appareils iOS ou Android:[\/vc_column_text][vc_row_inner][vc_column_inner width=\"1\/2\" vc_align_elements=\"ls-text-center-xs\"][vc_column_text][\/vc_column_text][\/vc_column_inner][vc_column_inner width=\"1\/2\" vc_align_elements=\"ls-text-center-xs\"][vc_column_text][\/vc_column_text][\/vc_column_inner][\/vc_row_inner][vc_column_text] Informations sur l\u2019application D\u00e9claration de confidentialit\u00e9 de l\u2019application [\/vc_column_text][\/vc_column] [vc_column][ls_vc_seperator_anchor vc_title=\"Visionner la vid\u00e9o produit\"][ls_vc_spacer vc_height=\"0\"][ls_vc_html5video vc_file_videoposter=\"1665\" <a class=\"moretag\" href=\"https:\/\/quigg.kuechenmaschine-hup.de\/fr\/km2017wiwi-17\">read more...<\/a>","protected":false},"author":1,"featured_media":0,"parent":0,"menu_order":0,"comment_status":"closed","ping_status":"closed","template":"","meta":[],"acf":[],"yoast_head":"<!-- This site is optimized with the Yoast SEO plugin v19.9 - https:\/\/yoast.com\/wordpress\/plugins\/seo\/ -->\n<title>Home - Quigg<\/title>\n<meta name=\"robots\" content=\"index, follow, max-snippet:-1, max-image-preview:large, max-video-preview:-1\" \/>\n<link rel=\"canonical\" href=\"https:\/\/quigg.kuechenmaschine-hup.de\/fr\/km2017wiwi-17\" \/>\n<meta property=\"og:locale\" content=\"fr_FR\" \/>\n<meta property=\"og:type\" content=\"article\" \/>\n<meta property=\"og:title\" content=\"Home - Quigg\" \/>\n<meta property=\"og:url\" content=\"https:\/\/quigg.kuechenmaschine-hup.de\/fr\/km2017wiwi-17\" \/>\n<meta property=\"og:site_name\" content=\"Quigg\" \/>\n<meta property=\"article:modified_time\" content=\"2020-08-11T11:32:54+00:00\" \/>\n<meta property=\"og:image\" content=\"http:\/\/quigg.kuechenmaschine-hup.de\/wp-content\/uploads\/2019\/06\/google-play-badge-fr-1-300x89.png\" \/>\n<meta name=\"twitter:card\" content=\"summary_large_image\" \/>\n<meta name=\"twitter:label1\" content=\"Dur\u00e9e de lecture estim\u00e9e\" \/>\n\t<meta name=\"twitter:data1\" content=\"4 minutes\" \/>\n<script type=\"application\/ld+json\" class=\"yoast-schema-graph\">{\"@context\":\"https:\/\/schema.org\",\"@graph\":[{\"@type\":\"WebPage\",\"@id\":\"https:\/\/quigg.kuechenmaschine-hup.de\/fr\/km2017wiwi-17\",\"url\":\"https:\/\/quigg.kuechenmaschine-hup.de\/fr\/km2017wiwi-17\",\"name\":\"Home - Quigg\",\"isPartOf\":{\"@id\":\"https:\/\/quigg.kuechenmaschine-hup.de\/#website\"},\"datePublished\":\"2017-07-19T06:43:37+00:00\",\"dateModified\":\"2020-08-11T11:32:54+00:00\",\"breadcrumb\":{\"@id\":\"https:\/\/quigg.kuechenmaschine-hup.de\/fr\/km2017wiwi-17#breadcrumb\"},\"inLanguage\":\"fr-FR\",\"potentialAction\":[{\"@type\":\"ReadAction\",\"target\":[\"https:\/\/quigg.kuechenmaschine-hup.de\/fr\/km2017wiwi-17\"]}]},{\"@type\":\"BreadcrumbList\",\"@id\":\"https:\/\/quigg.kuechenmaschine-hup.de\/fr\/km2017wiwi-17#breadcrumb\",\"itemListElement\":[{\"@type\":\"ListItem\",\"position\":1,\"name\":\"Startseite\",\"item\":\"https:\/\/quigg.kuechenmaschine-hup.de\/\"},{\"@type\":\"ListItem\",\"position\":2,\"name\":\"Home\"}]},{\"@type\":\"WebSite\",\"@id\":\"https:\/\/quigg.kuechenmaschine-hup.de\/#website\",\"url\":\"https:\/\/quigg.kuechenmaschine-hup.de\/\",\"name\":\"Quigg\",\"description\":\"\",\"potentialAction\":[{\"@type\":\"SearchAction\",\"target\":{\"@type\":\"EntryPoint\",\"urlTemplate\":\"https:\/\/quigg.kuechenmaschine-hup.de\/?s={search_term_string}\"},\"query-input\":\"required name=search_term_string\"}],\"inLanguage\":\"fr-FR\"}]}<\/script>\n<!-- \/ Yoast SEO plugin. -->","yoast_head_json":{"title":"Home - Quigg","robots":{"index":"index","follow":"follow","max-snippet":"max-snippet:-1","max-image-preview":"max-image-preview:large","max-video-preview":"max-video-preview:-1"},"canonical":"https:\/\/quigg.kuechenmaschine-hup.de\/fr\/km2017wiwi-17","og_locale":"fr_FR","og_type":"article","og_title":"Home - Quigg","og_url":"https:\/\/quigg.kuechenmaschine-hup.de\/fr\/km2017wiwi-17","og_site_name":"Quigg","article_modified_time":"2020-08-11T11:32:54+00:00","og_image":[{"url":"http:\/\/quigg.kuechenmaschine-hup.de\/wp-content\/uploads\/2019\/06\/google-play-badge-fr-1-300x89.png"}],"twitter_card":"summary_large_image","twitter_misc":{"Dur\u00e9e de lecture estim\u00e9e":"4 minutes"},"schema":{"@context":"https:\/\/schema.org","@graph":[{"@type":"WebPage","@id":"https:\/\/quigg.kuechenmaschine-hup.de\/fr\/km2017wiwi-17","url":"https:\/\/quigg.kuechenmaschine-hup.de\/fr\/km2017wiwi-17","name":"Home - Quigg","isPartOf":{"@id":"https:\/\/quigg.kuechenmaschine-hup.de\/#website"},"datePublished":"2017-07-19T06:43:37+00:00","dateModified":"2020-08-11T11:32:54+00:00","breadcrumb":{"@id":"https:\/\/quigg.kuechenmaschine-hup.de\/fr\/km2017wiwi-17#breadcrumb"},"inLanguage":"fr-FR","potentialAction":[{"@type":"ReadAction","target":["https:\/\/quigg.kuechenmaschine-hup.de\/fr\/km2017wiwi-17"]}]},{"@type":"BreadcrumbList","@id":"https:\/\/quigg.kuechenmaschine-hup.de\/fr\/km2017wiwi-17#breadcrumb","itemListElement":[{"@type":"ListItem","position":1,"name":"Startseite","item":"https:\/\/quigg.kuechenmaschine-hup.de\/"},{"@type":"ListItem","position":2,"name":"Home"}]},{"@type":"WebSite","@id":"https:\/\/quigg.kuechenmaschine-hup.de\/#website","url":"https:\/\/quigg.kuechenmaschine-hup.de\/","name":"Quigg","description":"","potentialAction":[{"@type":"SearchAction","target":{"@type":"EntryPoint","urlTemplate":"https:\/\/quigg.kuechenmaschine-hup.de\/?s={search_term_string}"},"query-input":"required name=search_term_string"}],"inLanguage":"fr-FR"}]}},"_links":{"self":[{"href":"https:\/\/quigg.kuechenmaschine-hup.de\/fr\/wp-json\/wp\/v2\/pages\/1550"}],"collection":[{"href":"https:\/\/quigg.kuechenmaschine-hup.de\/fr\/wp-json\/wp\/v2\/pages"}],"about":[{"href":"https:\/\/quigg.kuechenmaschine-hup.de\/fr\/wp-json\/wp\/v2\/types\/page"}],"author":[{"embeddable":true,"href":"https:\/\/quigg.kuechenmaschine-hup.de\/fr\/wp-json\/wp\/v2\/users\/1"}],"replies":[{"embeddable":true,"href":"https:\/\/quigg.kuechenmaschine-hup.de\/fr\/wp-json\/wp\/v2\/comments?post=1550"}],"version-history":[{"count":10,"href":"https:\/\/quigg.kuechenmaschine-hup.de\/fr\/wp-json\/wp\/v2\/pages\/1550\/revisions"}],"predecessor-version":[{"id":1699,"href":"https:\/\/quigg.kuechenmaschine-hup.de\/fr\/wp-json\/wp\/v2\/pages\/1550\/revisions\/1699"}],"wp:attachment":[{"href":"https:\/\/quigg.kuechenmaschine-hup.de\/fr\/wp-json\/wp\/v2\/media?parent=1550"}],"curies":[{"name":"wp","href":"https:\/\/api.w.org\/{rel}","templated":true}]}}