{"id":1287,"date":"2017-07-19T08:43:37","date_gmt":"2017-07-19T06:43:37","guid":{"rendered":"http:\/\/quiggkuechenmaschine-hup.lake-style.de\/km2017wiwi-17"},"modified":"2020-08-11T13:51:33","modified_gmt":"2020-08-11T11:51:33","slug":"km2017wiwi-17","status":"publish","type":"page","link":"https:\/\/quigg.kuechenmaschine-hup.de\/es\/km2017wiwi-17","title":{"rendered":"Home"},"content":{"rendered":"<section class=\"wpb-content-wrapper\">\n\t\t<section  class=\"content-section    pt-30-xs pb-30-xs pt-40-md pb-40-md  no-margin  \" >\n\n\t\t\t<div class=\"row   \">\n\n\t\t\t\t[vc_column][vc_column_text]\n<h2 class=\"ls-no-margin-bottom fw-semibold\">Robot de cocina con conexi\u00f3n wifi<\/h2>\n<h3>Aparato manejable a trav\u00e9s de una aplicaci\u00f3n en el smartphone o tableta; aplicaci\u00f3n con 200 recetas<\/h3>\n[\/vc_column_text][\/vc_column]\n\t\t\t<\/div>\n\n\t\t\t\n\t\t\t\n\t\t\t\n\t\t\t\n\t\t<\/section>\n\n\t\n\t\t<section  class=\"content-section      no-margin  \" >\n\n\t\t\t<div class=\"row   \">\n\n\t\t\t\t[vc_column][ls_vc_slider_image vc_images=&#8221;1108,1109,1137,1136,1135&#8243;][\/vc_column]\n\t\t\t<\/div>\n\n\t\t\t\n\t\t\t\n\t\t\t\n\t\t\t\n\t\t<\/section>\n\n\t\n\t\t<section  class=\"content-section    pt-40-xs pt-50-md pt-70-lg  no-margin  \" >\n\n\t\t\t<div class=\"row   \">\n\n\t\t\t\t[vc_column vc_align_elements=&#8221;ls-text-center-xs&#8221; offset=&#8221;vc_col-md-offset-2 vc_col-md-8&#8243;][vc_column_text]<strong>Descargar aqu\u00ed la aplicaci\u00f3n para dispositivos iOS o Android:<\/strong>[\/vc_column_text][vc_row_inner][vc_column_inner width=&#8221;1\/2&#8243; vc_align_elements=&#8221;ls-text-center-xs&#8221;][vc_column_text]<a href=\"https:\/\/play.google.com\/store\/apps\/details?id=com.hup.km2017wi\" rel=\"external\"><img loading=\"lazy\" width=\"300\" height=\"89\" class=\"alignnone size-medium wp-image-1349\" src=\"http:\/\/quigg.kuechenmaschine-hup.de\/wp-content\/uploads\/2018\/09\/google-play-badge_es-300x89.png\" alt=\"\" \/><\/a>[\/vc_column_text][\/vc_column_inner][vc_column_inner width=&#8221;1\/2&#8243; vc_align_elements=&#8221;ls-text-center-xs&#8221;][vc_column_text]<a href=\"https:\/\/itunes.apple.com\/de\/app\/k\u00fcchenmaschine-mit-kochfunktion-km2017wi\/id1240268395?mt=8\" rel=\"external\"><img loading=\"lazy\" width=\"300\" height=\"89\" class=\"alignnone size-medium wp-image-1359\" src=\"http:\/\/quigg.kuechenmaschine-hup.de\/wp-content\/uploads\/2018\/09\/download-on-the-app-store_en-1-300x89.png\" alt=\"\" \/><\/a>[\/vc_column_text][\/vc_column_inner][\/vc_row_inner][vc_column_text]<a href=\"http:\/\/kuechenmaschinehup.lake-studio.de\/app-informationen.html\" target=\"_blank\" rel=\"noopener noreferrer\">Informaci\u00f3n sobre la aplicaci\u00f3n<\/a><\/p>\n<p><a href=\"http:\/\/kuechenmaschinehup.lake-studio.de\/datenschutzerklaerungen-app.html\" target=\"_blank\" rel=\"noopener noreferrer\">Declaraci\u00f3n de privacidad de la aplicaci\u00f3n<\/a>[\/vc_column_text][\/vc_column]\n\t\t\t<\/div>\n\n\t\t\t\n\t\t\t\n\t\t\t\n\t\t\t\n\t\t<\/section>\n\n\t\n\t\t<section  id=\"video\" class=\"content-section    pt-40-xs pb-40-xs pt-50-md pb-50-md pt-70-lg pb-70-lg  no-margin  \" >\n\n\t\t\t<div class=\"row   \">\n\n\t\t\t\t[vc_column][ls_vc_seperator_anchor vc_title=&#8221;Ver ahora el v\u00eddeo del producto&#8221;][ls_vc_spacer vc_height=&#8221;0&#8243;][ls_vc_html5video vc_file_videoposter=&#8221;1700&#8243; vc_file_mp4=&#8221;1705&#8243; vc_file_webm=&#8221;1710&#8243; vc_html5video_controls=&#8221;yes&#8221;][\/vc_column]\n\t\t\t<\/div>\n\n\t\t\t\n\t\t\t\n\t\t\t\n\t\t\t\n\t\t<\/section>\n\n\t\n\t\t<section  id=\"infos\" class=\"content-section    pb-40-xs pb-50-md pb-70-lg  no-margin  \" >\n\n\t\t\t<div class=\"row   \">\n\n\t\t\t\t[vc_column][ls_vc_seperator_anchor vc_title=&#8221;M\u00e1s informaci\u00f3n&#8221;][ls_vc_spacer vc_height=&#8221;0&#8243;]\n\t\t<div class=\"ls-vc-accordion wpb_content_element\">\n\n\t       \t<div class=\"accordion-container js-accordion-container\" id=\"mehrinfos\">\n\n\t       \t\t<h4>Caracter\u00edsticas de potencia<\/h4><div class=\"entry-content\">\n<ul>\n<li>Funci\u00f3n de cocci\u00f3n<\/li>\n<li>Recipiente mezclador de acero inoxidable<\/li>\n<li>Vaporera complementaria<\/li>\n<li>B\u00e1scula de cocina integrada<\/li>\n<li>Programas predefinidos<\/li>\n<li>Recetario<\/li>\n<li>DVD<\/li>\n<li>Aplicaci\u00f3n con 200 recetas en el aparato, tambi\u00e9n manejable a trav\u00e9s del smartphone o tableta<\/li>\n<li>\u00abf\u00e1cil de limpiar\u00bb (apto para el lavado a mano a partir del modelo de oto\u00f1o 2020)<\/li>\n<\/ul>\n<\/div><h4>Propiedades t\u00e9cnicas<\/h4><div class=\"entry-content\">\n<ul>\n<li>Potencia: 1200\u00a0vatios<\/li>\n<li>Motor de aprox. 800\u00a0vatios<\/li>\n<li>Bloqueo doble de seguridad para que el aparato no pueda ponerse en funcionamiento a no ser que los recipientes y la tapadera est\u00e9n colocados correctamente<\/li>\n<li>Recipiente mezclador con una capacidad aproximada de 2,2\u00a0litros con una cuchilla f\u00e1cil de extraer (y de limpiar)<\/li>\n<li>Funciones:\n<ul>\n<li>Conexi\u00f3n wifi &gt; use el aparato con una aplicaci\u00f3n en el smartphone o tableta\n<ul>\n<li>Aplicaci\u00f3n con 200 recetas<\/li>\n<li>Programaci\u00f3n de los ajustes necesarios para las recetas facilitadas<\/li>\n<li>El proceso de preparaci\u00f3n puede realizarse paso por paso a trav\u00e9s del dispositivo m\u00f3vil<\/li>\n<li>A trav\u00e9s de la aplicaci\u00f3n pueden introducirse ajustes individuales, as\u00ed como elaborar recetas propias<\/li>\n<\/ul>\n<\/li>\n<li>11 niveles de velocidad en sentido horario, incluido el nivel de remover para una preparaci\u00f3n minuciosa<\/li>\n<li>En sentido antihorario hay 3 niveles de velocidad para modos de preparaci\u00f3n individuales (por ejemplo: remover, amasar, etc.)<\/li>\n<li>Funci\u00f3n turbo<\/li>\n<li>Funci\u00f3n de calentamiento conmutable (desde aprox. 30\u00a0\u00baC hasta aprox. 120\u00a0\u00baC)<\/li>\n<li>Programas predefinidos para cocci\u00f3n al vapor, amasado y elaboraci\u00f3n de mermelada y sopa<\/li>\n<\/ul>\n<\/li>\n<li>Temporizador (de 1 segundo a 99 minutos)<\/li>\n<li>B\u00e1scula de cocina integrada con un rango de peso de 1 a 5000 gramos<\/li>\n<li>Una pantalla iluminada indica la temperatura, la velocidad, el tiempo, el peso y el resto de detalles<\/li>\n<\/ul>\n<\/div><h4>Opciones de uso<\/h4><div class=\"entry-content\">\n<ul>\n<li>Remover\/amasar: diferentes masas<\/li>\n<li>Mezclar: batidos, aderezos, c\u00f3cteles<\/li>\n<li>Cocer: sopas, salsas, guisos, mermeladas<\/li>\n<li>Cocer al vapor: verduras, pescado<\/li>\n<li>Emulsionar: mayonesa, cremas, salsa holandesa<\/li>\n<li>Cortar: hierbas, nueces, pestos<\/li>\n<li>Triturar: verduras, carne, comida para beb\u00e9s<\/li>\n<li>Montar: nata, claras a punto de nieve<\/li>\n<li>Pesar: directamente en el aparato<\/li>\n<\/ul>\n<p>\u00a1y mucho m\u00e1s!<\/div>\n\t       \t<\/div><!-- end \/.accordion-container -->\n\n\t\t<\/div><!-- end \/.ls-vc-accordion -->\n\n\t   \t[\/vc_column]\n\t\t\t<\/div>\n\n\t\t\t\n\t\t\t\n\t\t\t\n\t\t\t\n\t\t<\/section>\n\n\t\n\t\t<section  id=\"downloads\" class=\"content-section      no-margin  \" >\n\n\t\t\t<div class=\"row   \">\n\n\t\t\t\t[vc_column][ls_vc_seperator_anchor vc_title=&#8221;Archivos para descarga y e-books&#8221;][ls_vc_spacer vc_height=&#8221;0&#8243;]\n\t\t<div class=\"ls-vc-accordion wpb_content_element\">\n\n\t       \t<div class=\"accordion-container js-accordion-container\" >\n\n\t       \t\t<h4>Manual de instrucciones del robot de cocina<\/h4><div class=\"entry-content\">\n<ul>\n<li><a class=\"popup-iframe\" href=\"http:\/\/quigg.kuechenmaschine-hup.de\/2020\/es\/Manual_de_Instrucciones\">Ver e-paper<\/a><\/li>\n<li><a href=\"http:\/\/quigg.kuechenmaschine-hup.de\/wp-content\/uploads\/2020\/08\/Manual_de_Instrucciones.pdf\" target=\"_blank\" rel=\"noopener noreferrer\">Ver PDF<\/a><\/li>\n<\/ul>\n<\/div><h4>Recetario<\/h4><div class=\"entry-content\">\n<ul>\n<li><a class=\"popup-iframe\" href=\"http:\/\/quigg.kuechenmaschine-hup.de\/2020\/es\/Recetas\">Ver e-paper<\/a><\/li>\n<li><a href=\"http:\/\/quigg.kuechenmaschine-hup.de\/wp-content\/uploads\/2020\/08\/Recetas.pdf\" target=\"_blank\" rel=\"noopener noreferrer\">Ver PDF<\/a><\/li>\n<\/ul>\n<\/div><h4>Manual de instrucciones de la aplicaci\u00f3n<\/h4><div class=\"entry-content\">\n<ul>\n<li><a class=\"popup-iframe\" title=\"Manual de instrucciones de la aplicaci\u00f3n\" href=\"http:\/\/quigg.kuechenmaschine-hup.de\/2020\/es\/Manual_de_Instrucciones_APP\">Ver e-paper<\/a><\/li>\n<li><a href=\"http:\/\/quigg.kuechenmaschine-hup.de\/wp-content\/uploads\/2020\/08\/Manual_de_Instrucciones_APP.pdf\" target=\"_blank\" rel=\"noopener noreferrer\">Ver PDF<\/a><\/li>\n<\/ul>\n<\/div><h4>Declaraci\u00f3n de conformidad UE<\/h4><div class=\"entry-content\">\n<ul>\n<li><a href=\"http:\/\/quigg.kuechenmaschine-hup.de\/wp-content\/uploads\/2019\/05\/2019_05_03_KM-2017Wi.19_CE_KE.pdf\" target=\"_blank\" rel=\"noopener noreferrer\">Ver PDF<\/a><\/li>\n<\/ul>\n<\/div>\n\t       \t<\/div><!-- end \/.accordion-container -->\n\n\t\t<\/div><!-- end \/.ls-vc-accordion -->\n\n\t   \t[\/vc_column]\n\t\t\t<\/div>\n\n\t\t\t\n\t\t\t\n\t\t\t\n\t\t\t\n\t\t<\/section>\n\n\t\n\t\t<section  class=\"content-section    pt-30-xs pb-30-xs pt-40-md pb-40-md  no-margin  \" >\n\n\t\t\t<div class=\"row   \">\n\n\t\t\t\t[vc_column][vc_column_text]&#8221;Google, Google Play, Android&#x2122; y otras marcas son marcas de Google Inc.&#8221;[\/vc_column_text][\/vc_column]\n\t\t\t<\/div>\n\n\t\t\t\n\t\t\t\n\t\t\t\n\t\t\t\n\t\t<\/section>\n\n\t\n<\/section>","protected":false},"excerpt":{"rendered":"[vc_column][vc_column_text] Robot de cocina con conexi\u00f3n wifi Aparato manejable a trav\u00e9s de una aplicaci\u00f3n en el smartphone o tableta; aplicaci\u00f3n con 200 recetas [\/vc_column_text][\/vc_column] [vc_column][ls_vc_slider_image vc_images=\"1108,1109,1137,1136,1135\"][\/vc_column] [vc_column vc_align_elements=\"ls-text-center-xs\" offset=\"vc_col-md-offset-2 vc_col-md-8\"][vc_column_text]Descargar aqu\u00ed la aplicaci\u00f3n para dispositivos iOS o Android:[\/vc_column_text][vc_row_inner][vc_column_inner width=\"1\/2\" vc_align_elements=\"ls-text-center-xs\"][vc_column_text][\/vc_column_text][\/vc_column_inner][vc_column_inner width=\"1\/2\" vc_align_elements=\"ls-text-center-xs\"][vc_column_text][\/vc_column_text][\/vc_column_inner][\/vc_row_inner][vc_column_text]Informaci\u00f3n sobre la aplicaci\u00f3n Declaraci\u00f3n de privacidad de la <a class=\"moretag\" href=\"https:\/\/quigg.kuechenmaschine-hup.de\/es\/km2017wiwi-17\">read more...<\/a>","protected":false},"author":1,"featured_media":0,"parent":0,"menu_order":0,"comment_status":"closed","ping_status":"closed","template":"","meta":[],"acf":[],"yoast_head":"<!-- This site is optimized with the Yoast SEO plugin v19.9 - https:\/\/yoast.com\/wordpress\/plugins\/seo\/ -->\n<title>Home - Quigg<\/title>\n<meta name=\"robots\" content=\"index, follow, max-snippet:-1, max-image-preview:large, max-video-preview:-1\" \/>\n<link rel=\"canonical\" href=\"https:\/\/quigg.kuechenmaschine-hup.de\/es\/km2017wiwi-17\" \/>\n<meta property=\"og:locale\" content=\"es_ES\" \/>\n<meta property=\"og:type\" content=\"article\" \/>\n<meta property=\"og:title\" content=\"Home - Quigg\" \/>\n<meta property=\"og:url\" content=\"https:\/\/quigg.kuechenmaschine-hup.de\/es\/km2017wiwi-17\" \/>\n<meta property=\"og:site_name\" content=\"Quigg\" \/>\n<meta property=\"article:modified_time\" content=\"2020-08-11T11:51:33+00:00\" \/>\n<meta property=\"og:image\" content=\"http:\/\/quigg.kuechenmaschine-hup.de\/wp-content\/uploads\/2018\/09\/google-play-badge_es-300x89.png\" \/>\n<meta name=\"twitter:card\" content=\"summary_large_image\" \/>\n<meta name=\"twitter:label1\" content=\"Tiempo de lectura\" \/>\n\t<meta name=\"twitter:data1\" content=\"4 minutos\" \/>\n<script type=\"application\/ld+json\" class=\"yoast-schema-graph\">{\"@context\":\"https:\/\/schema.org\",\"@graph\":[{\"@type\":\"WebPage\",\"@id\":\"https:\/\/quigg.kuechenmaschine-hup.de\/es\/km2017wiwi-17\",\"url\":\"https:\/\/quigg.kuechenmaschine-hup.de\/es\/km2017wiwi-17\",\"name\":\"Home - Quigg\",\"isPartOf\":{\"@id\":\"https:\/\/quigg.kuechenmaschine-hup.de\/#website\"},\"datePublished\":\"2017-07-19T06:43:37+00:00\",\"dateModified\":\"2020-08-11T11:51:33+00:00\",\"breadcrumb\":{\"@id\":\"https:\/\/quigg.kuechenmaschine-hup.de\/es\/km2017wiwi-17#breadcrumb\"},\"inLanguage\":\"es\",\"potentialAction\":[{\"@type\":\"ReadAction\",\"target\":[\"https:\/\/quigg.kuechenmaschine-hup.de\/es\/km2017wiwi-17\"]}]},{\"@type\":\"BreadcrumbList\",\"@id\":\"https:\/\/quigg.kuechenmaschine-hup.de\/es\/km2017wiwi-17#breadcrumb\",\"itemListElement\":[{\"@type\":\"ListItem\",\"position\":1,\"name\":\"Startseite\",\"item\":\"https:\/\/quigg.kuechenmaschine-hup.de\/\"},{\"@type\":\"ListItem\",\"position\":2,\"name\":\"Home\"}]},{\"@type\":\"WebSite\",\"@id\":\"https:\/\/quigg.kuechenmaschine-hup.de\/#website\",\"url\":\"https:\/\/quigg.kuechenmaschine-hup.de\/\",\"name\":\"Quigg\",\"description\":\"\",\"potentialAction\":[{\"@type\":\"SearchAction\",\"target\":{\"@type\":\"EntryPoint\",\"urlTemplate\":\"https:\/\/quigg.kuechenmaschine-hup.de\/?s={search_term_string}\"},\"query-input\":\"required name=search_term_string\"}],\"inLanguage\":\"es\"}]}<\/script>\n<!-- \/ Yoast SEO plugin. -->","yoast_head_json":{"title":"Home - Quigg","robots":{"index":"index","follow":"follow","max-snippet":"max-snippet:-1","max-image-preview":"max-image-preview:large","max-video-preview":"max-video-preview:-1"},"canonical":"https:\/\/quigg.kuechenmaschine-hup.de\/es\/km2017wiwi-17","og_locale":"es_ES","og_type":"article","og_title":"Home - Quigg","og_url":"https:\/\/quigg.kuechenmaschine-hup.de\/es\/km2017wiwi-17","og_site_name":"Quigg","article_modified_time":"2020-08-11T11:51:33+00:00","og_image":[{"url":"http:\/\/quigg.kuechenmaschine-hup.de\/wp-content\/uploads\/2018\/09\/google-play-badge_es-300x89.png"}],"twitter_card":"summary_large_image","twitter_misc":{"Tiempo de lectura":"4 minutos"},"schema":{"@context":"https:\/\/schema.org","@graph":[{"@type":"WebPage","@id":"https:\/\/quigg.kuechenmaschine-hup.de\/es\/km2017wiwi-17","url":"https:\/\/quigg.kuechenmaschine-hup.de\/es\/km2017wiwi-17","name":"Home - Quigg","isPartOf":{"@id":"https:\/\/quigg.kuechenmaschine-hup.de\/#website"},"datePublished":"2017-07-19T06:43:37+00:00","dateModified":"2020-08-11T11:51:33+00:00","breadcrumb":{"@id":"https:\/\/quigg.kuechenmaschine-hup.de\/es\/km2017wiwi-17#breadcrumb"},"inLanguage":"es","potentialAction":[{"@type":"ReadAction","target":["https:\/\/quigg.kuechenmaschine-hup.de\/es\/km2017wiwi-17"]}]},{"@type":"BreadcrumbList","@id":"https:\/\/quigg.kuechenmaschine-hup.de\/es\/km2017wiwi-17#breadcrumb","itemListElement":[{"@type":"ListItem","position":1,"name":"Startseite","item":"https:\/\/quigg.kuechenmaschine-hup.de\/"},{"@type":"ListItem","position":2,"name":"Home"}]},{"@type":"WebSite","@id":"https:\/\/quigg.kuechenmaschine-hup.de\/#website","url":"https:\/\/quigg.kuechenmaschine-hup.de\/","name":"Quigg","description":"","potentialAction":[{"@type":"SearchAction","target":{"@type":"EntryPoint","urlTemplate":"https:\/\/quigg.kuechenmaschine-hup.de\/?s={search_term_string}"},"query-input":"required name=search_term_string"}],"inLanguage":"es"}]}},"_links":{"self":[{"href":"https:\/\/quigg.kuechenmaschine-hup.de\/es\/wp-json\/wp\/v2\/pages\/1287"}],"collection":[{"href":"https:\/\/quigg.kuechenmaschine-hup.de\/es\/wp-json\/wp\/v2\/pages"}],"about":[{"href":"https:\/\/quigg.kuechenmaschine-hup.de\/es\/wp-json\/wp\/v2\/types\/page"}],"author":[{"embeddable":true,"href":"https:\/\/quigg.kuechenmaschine-hup.de\/es\/wp-json\/wp\/v2\/users\/1"}],"replies":[{"embeddable":true,"href":"https:\/\/quigg.kuechenmaschine-hup.de\/es\/wp-json\/wp\/v2\/comments?post=1287"}],"version-history":[{"count":24,"href":"https:\/\/quigg.kuechenmaschine-hup.de\/es\/wp-json\/wp\/v2\/pages\/1287\/revisions"}],"predecessor-version":[{"id":1731,"href":"https:\/\/quigg.kuechenmaschine-hup.de\/es\/wp-json\/wp\/v2\/pages\/1287\/revisions\/1731"}],"wp:attachment":[{"href":"https:\/\/quigg.kuechenmaschine-hup.de\/es\/wp-json\/wp\/v2\/media?parent=1287"}],"curies":[{"name":"wp","href":"https:\/\/api.w.org\/{rel}","templated":true}]}}