{"id":1553,"date":"2018-08-15T18:34:42","date_gmt":"2018-08-15T16:34:42","guid":{"rendered":"http:\/\/quiggkuechenmaschine-hup.lake-style.de\/impressum"},"modified":"2019-06-07T11:59:31","modified_gmt":"2019-06-07T09:59:31","slug":"mentions-legales","status":"publish","type":"page","link":"http:\/\/quigg.kuechenmaschine-hup.de\/fr\/mentions-legales","title":{"rendered":"Mentions l\u00e9gales"},"content":{"rendered":"\n\t\t<section  class=\"content-section    pt-30-xs pb-30-xs pt-40-md pb-40-md  no-margin  \" >\n\n\t\t\t<div class=\"row   \">\n\n\t\t\t\t[vc_column][vc_column_text]\n<h2>Mentions l\u00e9gales<\/h2>\n<p><strong>Responsable du contenu du site Internet:<\/strong>\u00a0soci\u00e9t\u00e9 Hans-Ulrich Petermann Beratungs- und Vertriebs GmbH &amp; Co. KG<\/p>\n<p><strong>Adresse:<\/strong>\u00a0Schlagenhofener Weg 40, 82229 Seefeld<\/p>\n<p><strong>Associ\u00e9s personnellement responsables:<\/strong>\u00a0soci\u00e9t\u00e9 Petermann Beteiligungs-GmbH, Prof. Dr. Wei\u00dfenbacher<\/p>\n<p><strong>Directeur:<\/strong>\u00a0Monsieur Phillip Petermann<\/p>\n<p><strong>Donn\u00e9es de la soci\u00e9t\u00e9 Hans-Ulrich Petermann Beratungs- und Vertriebs GmbH &amp; Co. KG inscrites au registre du commerce:<\/strong>\u00a0Tribunal d\u2019instance de Munich, num\u00e9ro HRA 78943<\/p>\n<p><strong>Donn\u00e9es de la soci\u00e9t\u00e9 Petermann Beteiligungs-GmbH inscrites au registre du commerce:<\/strong>\u00a0Tribunal d\u2019instance de Munich, num\u00e9ro HRB 138158<\/p>\n<p><strong>Contact:<\/strong>\u00a0T\u00e9l\u00e9phone: +49 8152 9902-0, Fax\u00a0: +49 8152 9902-30, E-mail\u00a0: &#x69;&#x6e;&#x66;&#111;&#64;hu&#x70;&#x2d;&#x70;&#101;&#116;er&#x6d;&#x61;&#x6e;&#110;&#46;de<\/p>\n<p><strong>Responsable du contenu conform\u00e9ment au \u00a7 55 du Trait\u00e9 d\u2019Etat sur la Radiodiffusion (RStV):<\/strong>\u00a0Monsieur Phillip Petermann (adresse et coordonn\u00e9es de contact fournies ci-dessus)<\/p>\n<p><strong>N\u00b0 de TVA intracommunautaire:\u00a0<\/strong>DE217796062<\/p>\n<p><strong>Plateforme de la Commission Europ\u00e9enne pour le r\u00e8glement en ligne des litiges:<\/strong>\u00a0la plateforme Internet de la Commission Europ\u00e9enne pour le r\u00e8glement en ligne des litiges entre consommateurs et entrepreneurs (d\u00e9nomm\u00e9e \u00ab\u00a0plateforme de RLL\u00a0\u00bb) est accessible sous le lien suivant\u00a0: https:\/\/ec.europa.eu\/consumers\/odr. Les consommateurs ont la possibilit\u00e9 d\u2019utiliser cette plateforme pour le r\u00e8glement de leurs litiges issus de contrats de vente ou de contrats de prestations de service en ligne. Nous ne prenons part, par ailleurs, \u00e0 aucune proc\u00e9dure de r\u00e8glement des litiges de consommateurs et nous n\u2019y sommes pas non plus contraints.[\/vc_column_text][\/vc_column]\n\t\t\t<\/div>\n\n\t\t\t\n\t\t\t\n\t\t\t\n\t\t\t\n\t\t<\/section>\n\n\t\n","protected":false},"excerpt":{"rendered":"[vc_column][vc_column_text] Mentions l\u00e9gales Responsable du contenu du site Internet:\u00a0soci\u00e9t\u00e9 Hans-Ulrich Petermann Beratungs- und Vertriebs GmbH &amp; Co. KG Adresse:\u00a0Schlagenhofener Weg 40, 82229 Seefeld Associ\u00e9s personnellement responsables:\u00a0soci\u00e9t\u00e9 Petermann Beteiligungs-GmbH, Prof. Dr. Wei\u00dfenbacher Directeur:\u00a0Monsieur Phillip Petermann Donn\u00e9es de la soci\u00e9t\u00e9 Hans-Ulrich Petermann Beratungs- und Vertriebs GmbH &amp; Co. KG inscrites au registre <a class=\"moretag\" href=\"http:\/\/quigg.kuechenmaschine-hup.de\/fr\/mentions-legales\">read more...<\/a>","protected":false},"author":1,"featured_media":0,"parent":0,"menu_order":4,"comment_status":"closed","ping_status":"closed","template":"","meta":[],"acf":[],"yoast_head":"<!-- This site is optimized with the Yoast SEO plugin v19.9 - https:\/\/yoast.com\/wordpress\/plugins\/seo\/ -->\n<title>Mentions l\u00e9gales - Quigg<\/title>\n<meta name=\"robots\" content=\"index, follow, max-snippet:-1, max-image-preview:large, max-video-preview:-1\" \/>\n<link rel=\"canonical\" href=\"http:\/\/quigg.kuechenmaschine-hup.de\/fr\/mentions-legales\" \/>\n<meta property=\"og:locale\" content=\"fr_FR\" \/>\n<meta property=\"og:type\" content=\"article\" \/>\n<meta property=\"og:title\" content=\"Mentions l\u00e9gales - Quigg\" \/>\n<meta property=\"og:url\" content=\"http:\/\/quigg.kuechenmaschine-hup.de\/fr\/mentions-legales\" \/>\n<meta property=\"og:site_name\" content=\"Quigg\" \/>\n<meta property=\"article:modified_time\" content=\"2019-06-07T09:59:31+00:00\" \/>\n<meta name=\"twitter:card\" content=\"summary_large_image\" \/>\n<meta name=\"twitter:label1\" content=\"Dur\u00e9e de lecture estim\u00e9e\" \/>\n\t<meta name=\"twitter:data1\" content=\"1 minute\" \/>\n<script type=\"application\/ld+json\" class=\"yoast-schema-graph\">{\"@context\":\"https:\/\/schema.org\",\"@graph\":[{\"@type\":\"WebPage\",\"@id\":\"http:\/\/quigg.kuechenmaschine-hup.de\/fr\/mentions-legales\",\"url\":\"http:\/\/quigg.kuechenmaschine-hup.de\/fr\/mentions-legales\",\"name\":\"Mentions l\u00e9gales - Quigg\",\"isPartOf\":{\"@id\":\"https:\/\/quigg.kuechenmaschine-hup.de\/#website\"},\"datePublished\":\"2018-08-15T16:34:42+00:00\",\"dateModified\":\"2019-06-07T09:59:31+00:00\",\"breadcrumb\":{\"@id\":\"http:\/\/quigg.kuechenmaschine-hup.de\/fr\/mentions-legales#breadcrumb\"},\"inLanguage\":\"fr-FR\",\"potentialAction\":[{\"@type\":\"ReadAction\",\"target\":[\"http:\/\/quigg.kuechenmaschine-hup.de\/fr\/mentions-legales\"]}]},{\"@type\":\"BreadcrumbList\",\"@id\":\"http:\/\/quigg.kuechenmaschine-hup.de\/fr\/mentions-legales#breadcrumb\",\"itemListElement\":[{\"@type\":\"ListItem\",\"position\":1,\"name\":\"Startseite\",\"item\":\"https:\/\/quigg.kuechenmaschine-hup.de\/\"},{\"@type\":\"ListItem\",\"position\":2,\"name\":\"Mentions l\u00e9gales\"}]},{\"@type\":\"WebSite\",\"@id\":\"https:\/\/quigg.kuechenmaschine-hup.de\/#website\",\"url\":\"https:\/\/quigg.kuechenmaschine-hup.de\/\",\"name\":\"Quigg\",\"description\":\"\",\"potentialAction\":[{\"@type\":\"SearchAction\",\"target\":{\"@type\":\"EntryPoint\",\"urlTemplate\":\"https:\/\/quigg.kuechenmaschine-hup.de\/?s={search_term_string}\"},\"query-input\":\"required name=search_term_string\"}],\"inLanguage\":\"fr-FR\"}]}<\/script>\n<!-- \/ Yoast SEO plugin. -->","yoast_head_json":{"title":"Mentions l\u00e9gales - Quigg","robots":{"index":"index","follow":"follow","max-snippet":"max-snippet:-1","max-image-preview":"max-image-preview:large","max-video-preview":"max-video-preview:-1"},"canonical":"http:\/\/quigg.kuechenmaschine-hup.de\/fr\/mentions-legales","og_locale":"fr_FR","og_type":"article","og_title":"Mentions l\u00e9gales - Quigg","og_url":"http:\/\/quigg.kuechenmaschine-hup.de\/fr\/mentions-legales","og_site_name":"Quigg","article_modified_time":"2019-06-07T09:59:31+00:00","twitter_card":"summary_large_image","twitter_misc":{"Dur\u00e9e de lecture estim\u00e9e":"1 minute"},"schema":{"@context":"https:\/\/schema.org","@graph":[{"@type":"WebPage","@id":"http:\/\/quigg.kuechenmaschine-hup.de\/fr\/mentions-legales","url":"http:\/\/quigg.kuechenmaschine-hup.de\/fr\/mentions-legales","name":"Mentions l\u00e9gales - Quigg","isPartOf":{"@id":"https:\/\/quigg.kuechenmaschine-hup.de\/#website"},"datePublished":"2018-08-15T16:34:42+00:00","dateModified":"2019-06-07T09:59:31+00:00","breadcrumb":{"@id":"http:\/\/quigg.kuechenmaschine-hup.de\/fr\/mentions-legales#breadcrumb"},"inLanguage":"fr-FR","potentialAction":[{"@type":"ReadAction","target":["http:\/\/quigg.kuechenmaschine-hup.de\/fr\/mentions-legales"]}]},{"@type":"BreadcrumbList","@id":"http:\/\/quigg.kuechenmaschine-hup.de\/fr\/mentions-legales#breadcrumb","itemListElement":[{"@type":"ListItem","position":1,"name":"Startseite","item":"https:\/\/quigg.kuechenmaschine-hup.de\/"},{"@type":"ListItem","position":2,"name":"Mentions l\u00e9gales"}]},{"@type":"WebSite","@id":"https:\/\/quigg.kuechenmaschine-hup.de\/#website","url":"https:\/\/quigg.kuechenmaschine-hup.de\/","name":"Quigg","description":"","potentialAction":[{"@type":"SearchAction","target":{"@type":"EntryPoint","urlTemplate":"https:\/\/quigg.kuechenmaschine-hup.de\/?s={search_term_string}"},"query-input":"required name=search_term_string"}],"inLanguage":"fr-FR"}]}},"_links":{"self":[{"href":"http:\/\/quigg.kuechenmaschine-hup.de\/fr\/wp-json\/wp\/v2\/pages\/1553"}],"collection":[{"href":"http:\/\/quigg.kuechenmaschine-hup.de\/fr\/wp-json\/wp\/v2\/pages"}],"about":[{"href":"http:\/\/quigg.kuechenmaschine-hup.de\/fr\/wp-json\/wp\/v2\/types\/page"}],"author":[{"embeddable":true,"href":"http:\/\/quigg.kuechenmaschine-hup.de\/fr\/wp-json\/wp\/v2\/users\/1"}],"replies":[{"embeddable":true,"href":"http:\/\/quigg.kuechenmaschine-hup.de\/fr\/wp-json\/wp\/v2\/comments?post=1553"}],"version-history":[{"count":1,"href":"http:\/\/quigg.kuechenmaschine-hup.de\/fr\/wp-json\/wp\/v2\/pages\/1553\/revisions"}],"predecessor-version":[{"id":1617,"href":"http:\/\/quigg.kuechenmaschine-hup.de\/fr\/wp-json\/wp\/v2\/pages\/1553\/revisions\/1617"}],"wp:attachment":[{"href":"http:\/\/quigg.kuechenmaschine-hup.de\/fr\/wp-json\/wp\/v2\/media?parent=1553"}],"curies":[{"name":"wp","href":"https:\/\/api.w.org\/{rel}","templated":true}]}}