{"id":1326,"date":"2018-08-15T18:34:42","date_gmt":"2018-08-15T16:34:42","guid":{"rendered":"http:\/\/quiggkuechenmaschine-hup.lake-style.de\/impressum"},"modified":"2018-09-10T11:34:57","modified_gmt":"2018-09-10T09:34:57","slug":"aviso-legal","status":"publish","type":"page","link":"http:\/\/quigg.kuechenmaschine-hup.de\/es\/aviso-legal","title":{"rendered":"Aviso legal"},"content":{"rendered":"\n\t\t<section  class=\"content-section    pt-40-xs pb-40-xs pt-50-md pb-50-md pt-70-lg pb-70-lg  no-margin  \" >\n\n\t\t\t<div class=\"row   \">\n\n\t\t\t\t[vc_column][vc_column_text]\n<h2>Aviso legal<\/h2>\n<p><strong>Responsable de contenido del sitio web:<\/strong>\u00a0Hans-Ulrich Petermann Beratungs- und Vertriebs GmbH &amp; Co. KG<\/p>\n<p><strong>Direcci\u00f3n:<\/strong>\u00a0Schlagenhofener Weg 40, 82229 Seefeld (Alemania)<\/p>\n<p><strong>Socios con responsabilidad personal:<\/strong>\u00a0Petermann Beteiligungs-GmbH, Prof. Dr. Wei\u00dfenbacher<\/p>\n<p><strong>Gerente:<\/strong> don Phillip Petermann<\/p>\n<p><strong>Informaci\u00f3n de registro de Hans-Ulrich Petermann Beratungs- und Vertriebs GmbH &amp; Co. KG:<\/strong>\u00a0Juzgado de Primera Instancia de M\u00fanich, HRA 78943<\/p>\n<p><strong>Informaci\u00f3n de registro de Petermann Beteiligungs-GmbH:<\/strong>\u00a0Juzgado de Primera Instancia de M\u00fanich, HRB 138158<\/p>\n<p><strong>Contacto:<\/strong>\u00a0tel\u00e9fono: +49 8152 9902-0, fax: +49 8152 9902-30, correo electr\u00f3nico: i&#110;&#102;&#111;&#x40;&#x68;&#x75;p-&#112;&#101;&#x74;&#x65;&#x72;&#x6d;an&#110;&#46;&#x64;&#x65;<\/p>\n<p><strong>Responsable de contenido seg\u00fan el art. 55 del Rundfunkstaatsvertrag (RStV, Pacto de Estado en materia de radio y televisi\u00f3n):<\/strong>\u00a0don Phillip Petermann (v\u00e9ase arriba la direcci\u00f3n y el contacto)<\/p>\n<p><strong>CIF<\/strong>:\u00a0DE217796062<\/p>\n<p><strong>Plataforma de la Comisi\u00f3n Europea para la resoluci\u00f3n de litigios en l\u00ednea:<\/strong>\u00a0se puede acceder a la plataforma de Internet de la Comisi\u00f3n Europea para la resoluci\u00f3n de litigios en l\u00ednea entre los consumidores y las empresas (la llamada &#8220;Plataforma RLL&#8221; a trav\u00e9s del siguiente enlace: https:\/\/ec.europa.eu\/consumers\/odr\/main\/index.cfm?event=main.home2.show&amp;lng=ES. Los consumidores tienen la posibilidad de utilizar esta plataforma para la resoluci\u00f3n de sus litigios derivados de contratos de compra o de servicios en l\u00ednea. Nosotros no participamos en los procesos de resoluci\u00f3n de litigios de consumidores y no estamos obligados a ello.[\/vc_column_text][\/vc_column]\n\t\t\t<\/div>\n\n\t\t\t\n\t\t\t\n\t\t\t\n\t\t\t\n\t\t<\/section>\n\n\t\n","protected":false},"excerpt":{"rendered":"[vc_column][vc_column_text] Aviso legal Responsable de contenido del sitio web:\u00a0Hans-Ulrich Petermann Beratungs- und Vertriebs GmbH &amp; Co. KG Direcci\u00f3n:\u00a0Schlagenhofener Weg 40, 82229 Seefeld (Alemania) Socios con responsabilidad personal:\u00a0Petermann Beteiligungs-GmbH, Prof. Dr. Wei\u00dfenbacher Gerente: don Phillip Petermann Informaci\u00f3n de registro de Hans-Ulrich Petermann Beratungs- und Vertriebs GmbH &amp; Co. KG:\u00a0Juzgado de Primera <a class=\"moretag\" href=\"http:\/\/quigg.kuechenmaschine-hup.de\/es\/aviso-legal\">read more...<\/a>","protected":false},"author":1,"featured_media":0,"parent":0,"menu_order":4,"comment_status":"closed","ping_status":"closed","template":"","meta":[],"acf":[],"yoast_head":"<!-- This site is optimized with the Yoast SEO plugin v19.9 - https:\/\/yoast.com\/wordpress\/plugins\/seo\/ -->\n<title>Aviso legal - Quigg<\/title>\n<meta name=\"robots\" content=\"index, follow, max-snippet:-1, max-image-preview:large, max-video-preview:-1\" \/>\n<link rel=\"canonical\" href=\"http:\/\/quigg.kuechenmaschine-hup.de\/es\/aviso-legal\" \/>\n<meta property=\"og:locale\" content=\"es_ES\" \/>\n<meta property=\"og:type\" content=\"article\" \/>\n<meta property=\"og:title\" content=\"Aviso legal - Quigg\" \/>\n<meta property=\"og:url\" content=\"http:\/\/quigg.kuechenmaschine-hup.de\/es\/aviso-legal\" \/>\n<meta property=\"og:site_name\" content=\"Quigg\" \/>\n<meta property=\"article:modified_time\" content=\"2018-09-10T09:34:57+00:00\" \/>\n<meta name=\"twitter:card\" content=\"summary_large_image\" \/>\n<meta name=\"twitter:label1\" content=\"Tiempo de lectura\" \/>\n\t<meta name=\"twitter:data1\" content=\"1 minuto\" \/>\n<script type=\"application\/ld+json\" class=\"yoast-schema-graph\">{\"@context\":\"https:\/\/schema.org\",\"@graph\":[{\"@type\":\"WebPage\",\"@id\":\"http:\/\/quigg.kuechenmaschine-hup.de\/es\/aviso-legal\",\"url\":\"http:\/\/quigg.kuechenmaschine-hup.de\/es\/aviso-legal\",\"name\":\"Aviso legal - Quigg\",\"isPartOf\":{\"@id\":\"https:\/\/quigg.kuechenmaschine-hup.de\/#website\"},\"datePublished\":\"2018-08-15T16:34:42+00:00\",\"dateModified\":\"2018-09-10T09:34:57+00:00\",\"breadcrumb\":{\"@id\":\"http:\/\/quigg.kuechenmaschine-hup.de\/es\/aviso-legal#breadcrumb\"},\"inLanguage\":\"es\",\"potentialAction\":[{\"@type\":\"ReadAction\",\"target\":[\"http:\/\/quigg.kuechenmaschine-hup.de\/es\/aviso-legal\"]}]},{\"@type\":\"BreadcrumbList\",\"@id\":\"http:\/\/quigg.kuechenmaschine-hup.de\/es\/aviso-legal#breadcrumb\",\"itemListElement\":[{\"@type\":\"ListItem\",\"position\":1,\"name\":\"Startseite\",\"item\":\"https:\/\/quigg.kuechenmaschine-hup.de\/\"},{\"@type\":\"ListItem\",\"position\":2,\"name\":\"Aviso legal\"}]},{\"@type\":\"WebSite\",\"@id\":\"https:\/\/quigg.kuechenmaschine-hup.de\/#website\",\"url\":\"https:\/\/quigg.kuechenmaschine-hup.de\/\",\"name\":\"Quigg\",\"description\":\"\",\"potentialAction\":[{\"@type\":\"SearchAction\",\"target\":{\"@type\":\"EntryPoint\",\"urlTemplate\":\"https:\/\/quigg.kuechenmaschine-hup.de\/?s={search_term_string}\"},\"query-input\":\"required name=search_term_string\"}],\"inLanguage\":\"es\"}]}<\/script>\n<!-- \/ Yoast SEO plugin. -->","yoast_head_json":{"title":"Aviso legal - Quigg","robots":{"index":"index","follow":"follow","max-snippet":"max-snippet:-1","max-image-preview":"max-image-preview:large","max-video-preview":"max-video-preview:-1"},"canonical":"http:\/\/quigg.kuechenmaschine-hup.de\/es\/aviso-legal","og_locale":"es_ES","og_type":"article","og_title":"Aviso legal - Quigg","og_url":"http:\/\/quigg.kuechenmaschine-hup.de\/es\/aviso-legal","og_site_name":"Quigg","article_modified_time":"2018-09-10T09:34:57+00:00","twitter_card":"summary_large_image","twitter_misc":{"Tiempo de lectura":"1 minuto"},"schema":{"@context":"https:\/\/schema.org","@graph":[{"@type":"WebPage","@id":"http:\/\/quigg.kuechenmaschine-hup.de\/es\/aviso-legal","url":"http:\/\/quigg.kuechenmaschine-hup.de\/es\/aviso-legal","name":"Aviso legal - Quigg","isPartOf":{"@id":"https:\/\/quigg.kuechenmaschine-hup.de\/#website"},"datePublished":"2018-08-15T16:34:42+00:00","dateModified":"2018-09-10T09:34:57+00:00","breadcrumb":{"@id":"http:\/\/quigg.kuechenmaschine-hup.de\/es\/aviso-legal#breadcrumb"},"inLanguage":"es","potentialAction":[{"@type":"ReadAction","target":["http:\/\/quigg.kuechenmaschine-hup.de\/es\/aviso-legal"]}]},{"@type":"BreadcrumbList","@id":"http:\/\/quigg.kuechenmaschine-hup.de\/es\/aviso-legal#breadcrumb","itemListElement":[{"@type":"ListItem","position":1,"name":"Startseite","item":"https:\/\/quigg.kuechenmaschine-hup.de\/"},{"@type":"ListItem","position":2,"name":"Aviso legal"}]},{"@type":"WebSite","@id":"https:\/\/quigg.kuechenmaschine-hup.de\/#website","url":"https:\/\/quigg.kuechenmaschine-hup.de\/","name":"Quigg","description":"","potentialAction":[{"@type":"SearchAction","target":{"@type":"EntryPoint","urlTemplate":"https:\/\/quigg.kuechenmaschine-hup.de\/?s={search_term_string}"},"query-input":"required name=search_term_string"}],"inLanguage":"es"}]}},"_links":{"self":[{"href":"http:\/\/quigg.kuechenmaschine-hup.de\/es\/wp-json\/wp\/v2\/pages\/1326"}],"collection":[{"href":"http:\/\/quigg.kuechenmaschine-hup.de\/es\/wp-json\/wp\/v2\/pages"}],"about":[{"href":"http:\/\/quigg.kuechenmaschine-hup.de\/es\/wp-json\/wp\/v2\/types\/page"}],"author":[{"embeddable":true,"href":"http:\/\/quigg.kuechenmaschine-hup.de\/es\/wp-json\/wp\/v2\/users\/1"}],"replies":[{"embeddable":true,"href":"http:\/\/quigg.kuechenmaschine-hup.de\/es\/wp-json\/wp\/v2\/comments?post=1326"}],"version-history":[{"count":2,"href":"http:\/\/quigg.kuechenmaschine-hup.de\/es\/wp-json\/wp\/v2\/pages\/1326\/revisions"}],"predecessor-version":[{"id":1328,"href":"http:\/\/quigg.kuechenmaschine-hup.de\/es\/wp-json\/wp\/v2\/pages\/1326\/revisions\/1328"}],"wp:attachment":[{"href":"http:\/\/quigg.kuechenmaschine-hup.de\/es\/wp-json\/wp\/v2\/media?parent=1326"}],"curies":[{"name":"wp","href":"https:\/\/api.w.org\/{rel}","templated":true}]}}