{"id":1325,"date":"2018-08-15T18:36:09","date_gmt":"2018-08-15T16:36:09","guid":{"rendered":"http:\/\/quiggkuechenmaschine-hup.lake-style.de\/datenschutzhinweise"},"modified":"2018-09-10T11:36:46","modified_gmt":"2018-09-10T09:36:46","slug":"disposiciones-de-proteccion-de-datos","status":"publish","type":"page","link":"http:\/\/quigg.kuechenmaschine-hup.de\/es\/disposiciones-de-proteccion-de-datos","title":{"rendered":"Disposiciones de protecci\u00f3n de datos"},"content":{"rendered":"\n\t\t<section  class=\"content-section    pt-40-xs pb-40-xs pt-50-md pb-50-md pt-70-lg pb-70-lg  no-margin  \" >\n\n\t\t\t<div class=\"row   \">\n\n\t\t\t\t[vc_column][vc_column_text]\n<h2>Disposiciones de protecci\u00f3n de datos<\/h2>\n<p>El responsable de la protecci\u00f3n de datos en este sitio web es Hans-Ulrich Petermann Beratungs- und Vertriebs GmbH &amp; Co. KG, Schlagenhofener Weg 40, 82229 Seefeld, empresa representada por su gerente Phillip Petermann, tel\u00e9fono: +49 8152 9902-0; fax: +49 8152 9902-30; correo electr\u00f3nico: &#x69;&#110;f&#x6f;&#64;h&#x75;&#112;-&#x70;&#101;t&#x65;&#114;m&#x61;&#x6e;n&#x2e;&#x64;&#101;.<\/p>\n<p>En esta p\u00e1gina no se recaban ni tratan datos personales, as\u00ed como tampoco se utilizan cookies. Sin embargo, cada vez que accede a nuestro sitio web, nuestro servidor web trata una serie de datos que su navegador le transmite directamente (datos de registro del servidor o archivos de registro). Se trata, entre otros, de la direcci\u00f3n IP actualmente asignada a su dispositivo, la fecha y la hora de la consulta, el huso horario, la p\u00e1gina o archivo concretos a los que accede y la cantidad de datos transferida. El servidor web utiliza dichos datos para presentar los contenidos de la p\u00e1gina web del mejor modo posible en su dispositivo, as\u00ed como para fines de seguridad del sistema y administrativos (art.\u00a06, p\u00e1rrafo\u00a01, letra\u00a0f del RGPD). El tratamiento no est\u00e1 prescrito ni legal ni contractualmente. Sin embargo, el acceso a nuestro sitio web no es posible, o solo lo es con limitaciones, si no se registran dichos datos. Los archivos de registro (incluida su direcci\u00f3n IP) \u00fanicamente se tratan de forma anonimizada, y se suprimen de modo autom\u00e1tico, a m\u00e1s tardar, una vez transcurridos 30\u00a0d\u00edas.<\/p>\n<p>Tiene derecho a solicitar una confirmaci\u00f3n por nuestra parte indicando si tratamos sus datos personales, as\u00ed como a obtener informaci\u00f3n sobre dichos datos personales. Asimismo, tiene derecho a la rectificaci\u00f3n, la supresi\u00f3n y la limitaci\u00f3n del tratamiento de los datos, adem\u00e1s de derecho a oponerse en todo momento al tratamiento de sus datos personales, a revocar su consentimiento a tal efecto o a solicitar la portabilidad de los mismos. Dirija todas sus solicitudes y consultas de informaci\u00f3n, revocaciones u oposiciones al tratamiento de datos por correo electr\u00f3nico a las se\u00f1as de contacto indicadas en el aviso legal. Adem\u00e1s, tiene usted derecho a presentar una reclamaci\u00f3n ante una autoridad de control en caso de incumplirse la protecci\u00f3n de sus datos.[\/vc_column_text][\/vc_column]\n\t\t\t<\/div>\n\n\t\t\t\n\t\t\t\n\t\t\t\n\t\t\t\n\t\t<\/section>\n\n\t\n","protected":false},"excerpt":{"rendered":"[vc_column][vc_column_text] Disposiciones de protecci\u00f3n de datos El responsable de la protecci\u00f3n de datos en este sitio web es Hans-Ulrich Petermann Beratungs- und Vertriebs GmbH &amp; Co. KG, Schlagenhofener Weg 40, 82229 Seefeld, empresa representada por su gerente Phillip Petermann, tel\u00e9fono: +49 8152 9902-0; fax: +49 8152 9902-30; correo electr\u00f3nico: i&#110;&#102;&#111;&#x40;&#x68;&#x75;p-&#112;&#101;&#x74;&#x65;&#x72;&#x6d;an&#110;&#46;&#x64;&#x65;. <a class=\"moretag\" href=\"http:\/\/quigg.kuechenmaschine-hup.de\/es\/disposiciones-de-proteccion-de-datos\">read more...<\/a>","protected":false},"author":1,"featured_media":0,"parent":0,"menu_order":3,"comment_status":"closed","ping_status":"closed","template":"","meta":[],"acf":[],"yoast_head":"<!-- This site is optimized with the Yoast SEO plugin v19.9 - https:\/\/yoast.com\/wordpress\/plugins\/seo\/ -->\n<title>Disposiciones de protecci\u00f3n de datos - Quigg<\/title>\n<meta name=\"robots\" content=\"index, follow, max-snippet:-1, max-image-preview:large, max-video-preview:-1\" \/>\n<link rel=\"canonical\" href=\"http:\/\/quigg.kuechenmaschine-hup.de\/es\/disposiciones-de-proteccion-de-datos\" \/>\n<meta property=\"og:locale\" content=\"es_ES\" \/>\n<meta property=\"og:type\" content=\"article\" \/>\n<meta property=\"og:title\" content=\"Disposiciones de protecci\u00f3n de datos - Quigg\" \/>\n<meta property=\"og:url\" content=\"http:\/\/quigg.kuechenmaschine-hup.de\/es\/disposiciones-de-proteccion-de-datos\" \/>\n<meta property=\"og:site_name\" content=\"Quigg\" \/>\n<meta property=\"article:modified_time\" content=\"2018-09-10T09:36:46+00:00\" \/>\n<meta name=\"twitter:card\" content=\"summary_large_image\" \/>\n<meta name=\"twitter:label1\" content=\"Tiempo de lectura\" \/>\n\t<meta name=\"twitter:data1\" content=\"2 minutos\" \/>\n<script type=\"application\/ld+json\" class=\"yoast-schema-graph\">{\"@context\":\"https:\/\/schema.org\",\"@graph\":[{\"@type\":\"WebPage\",\"@id\":\"http:\/\/quigg.kuechenmaschine-hup.de\/es\/disposiciones-de-proteccion-de-datos\",\"url\":\"http:\/\/quigg.kuechenmaschine-hup.de\/es\/disposiciones-de-proteccion-de-datos\",\"name\":\"Disposiciones de protecci\u00f3n de datos - Quigg\",\"isPartOf\":{\"@id\":\"https:\/\/quigg.kuechenmaschine-hup.de\/#website\"},\"datePublished\":\"2018-08-15T16:36:09+00:00\",\"dateModified\":\"2018-09-10T09:36:46+00:00\",\"breadcrumb\":{\"@id\":\"http:\/\/quigg.kuechenmaschine-hup.de\/es\/disposiciones-de-proteccion-de-datos#breadcrumb\"},\"inLanguage\":\"es\",\"potentialAction\":[{\"@type\":\"ReadAction\",\"target\":[\"http:\/\/quigg.kuechenmaschine-hup.de\/es\/disposiciones-de-proteccion-de-datos\"]}]},{\"@type\":\"BreadcrumbList\",\"@id\":\"http:\/\/quigg.kuechenmaschine-hup.de\/es\/disposiciones-de-proteccion-de-datos#breadcrumb\",\"itemListElement\":[{\"@type\":\"ListItem\",\"position\":1,\"name\":\"Startseite\",\"item\":\"https:\/\/quigg.kuechenmaschine-hup.de\/\"},{\"@type\":\"ListItem\",\"position\":2,\"name\":\"Disposiciones de protecci\u00f3n de datos\"}]},{\"@type\":\"WebSite\",\"@id\":\"https:\/\/quigg.kuechenmaschine-hup.de\/#website\",\"url\":\"https:\/\/quigg.kuechenmaschine-hup.de\/\",\"name\":\"Quigg\",\"description\":\"\",\"potentialAction\":[{\"@type\":\"SearchAction\",\"target\":{\"@type\":\"EntryPoint\",\"urlTemplate\":\"https:\/\/quigg.kuechenmaschine-hup.de\/?s={search_term_string}\"},\"query-input\":\"required name=search_term_string\"}],\"inLanguage\":\"es\"}]}<\/script>\n<!-- \/ Yoast SEO plugin. -->","yoast_head_json":{"title":"Disposiciones de protecci\u00f3n de datos - Quigg","robots":{"index":"index","follow":"follow","max-snippet":"max-snippet:-1","max-image-preview":"max-image-preview:large","max-video-preview":"max-video-preview:-1"},"canonical":"http:\/\/quigg.kuechenmaschine-hup.de\/es\/disposiciones-de-proteccion-de-datos","og_locale":"es_ES","og_type":"article","og_title":"Disposiciones de protecci\u00f3n de datos - Quigg","og_url":"http:\/\/quigg.kuechenmaschine-hup.de\/es\/disposiciones-de-proteccion-de-datos","og_site_name":"Quigg","article_modified_time":"2018-09-10T09:36:46+00:00","twitter_card":"summary_large_image","twitter_misc":{"Tiempo de lectura":"2 minutos"},"schema":{"@context":"https:\/\/schema.org","@graph":[{"@type":"WebPage","@id":"http:\/\/quigg.kuechenmaschine-hup.de\/es\/disposiciones-de-proteccion-de-datos","url":"http:\/\/quigg.kuechenmaschine-hup.de\/es\/disposiciones-de-proteccion-de-datos","name":"Disposiciones de protecci\u00f3n de datos - Quigg","isPartOf":{"@id":"https:\/\/quigg.kuechenmaschine-hup.de\/#website"},"datePublished":"2018-08-15T16:36:09+00:00","dateModified":"2018-09-10T09:36:46+00:00","breadcrumb":{"@id":"http:\/\/quigg.kuechenmaschine-hup.de\/es\/disposiciones-de-proteccion-de-datos#breadcrumb"},"inLanguage":"es","potentialAction":[{"@type":"ReadAction","target":["http:\/\/quigg.kuechenmaschine-hup.de\/es\/disposiciones-de-proteccion-de-datos"]}]},{"@type":"BreadcrumbList","@id":"http:\/\/quigg.kuechenmaschine-hup.de\/es\/disposiciones-de-proteccion-de-datos#breadcrumb","itemListElement":[{"@type":"ListItem","position":1,"name":"Startseite","item":"https:\/\/quigg.kuechenmaschine-hup.de\/"},{"@type":"ListItem","position":2,"name":"Disposiciones de protecci\u00f3n de datos"}]},{"@type":"WebSite","@id":"https:\/\/quigg.kuechenmaschine-hup.de\/#website","url":"https:\/\/quigg.kuechenmaschine-hup.de\/","name":"Quigg","description":"","potentialAction":[{"@type":"SearchAction","target":{"@type":"EntryPoint","urlTemplate":"https:\/\/quigg.kuechenmaschine-hup.de\/?s={search_term_string}"},"query-input":"required name=search_term_string"}],"inLanguage":"es"}]}},"_links":{"self":[{"href":"http:\/\/quigg.kuechenmaschine-hup.de\/es\/wp-json\/wp\/v2\/pages\/1325"}],"collection":[{"href":"http:\/\/quigg.kuechenmaschine-hup.de\/es\/wp-json\/wp\/v2\/pages"}],"about":[{"href":"http:\/\/quigg.kuechenmaschine-hup.de\/es\/wp-json\/wp\/v2\/types\/page"}],"author":[{"embeddable":true,"href":"http:\/\/quigg.kuechenmaschine-hup.de\/es\/wp-json\/wp\/v2\/users\/1"}],"replies":[{"embeddable":true,"href":"http:\/\/quigg.kuechenmaschine-hup.de\/es\/wp-json\/wp\/v2\/comments?post=1325"}],"version-history":[{"count":2,"href":"http:\/\/quigg.kuechenmaschine-hup.de\/es\/wp-json\/wp\/v2\/pages\/1325\/revisions"}],"predecessor-version":[{"id":1330,"href":"http:\/\/quigg.kuechenmaschine-hup.de\/es\/wp-json\/wp\/v2\/pages\/1325\/revisions\/1330"}],"wp:attachment":[{"href":"http:\/\/quigg.kuechenmaschine-hup.de\/es\/wp-json\/wp\/v2\/media?parent=1325"}],"curies":[{"name":"wp","href":"https:\/\/api.w.org\/{rel}","templated":true}]}}